{"id":2470,"date":"2025-09-02T12:50:40","date_gmt":"2025-09-02T10:50:40","guid":{"rendered":"https:\/\/spodeal.com\/spodeal-factor\/"},"modified":"2025-10-20T12:16:36","modified_gmt":"2025-10-20T10:16:36","slug":"the-spodeal-factor","status":"publish","type":"page","link":"https:\/\/spodeal.com\/es\/the-spodeal-factor\/","title":{"rendered":"The Spodeal Factor"},"content":{"rendered":"<div class=\"wpb-content-wrapper\">[vc_row full_width=\u00bbstretch_row_content_no_spaces\u00bb remove_bottom_col_margin=\u00bbtrue\u00bb][vc_column]<figure class=\"vcex-image vcex-module vcex-fill-column wpex-text-center\"><div class=\"vcex-image-inner wpex-relative wpex-inline-block\"><img width=\"1441\" height=\"476\" src=\"https:\/\/spodeal.com\/wp-content\/uploads\/2025\/09\/spodeal-factor-4.png\" class=\"vcex-image-img wpex-align-middle\" alt=\"\" loading=\"lazy\" decoding=\"async\" srcset=\"https:\/\/spodeal.com\/wp-content\/uploads\/2025\/09\/spodeal-factor-4.png 1441w, https:\/\/spodeal.com\/wp-content\/uploads\/2025\/09\/spodeal-factor-4-300x99.png 300w, https:\/\/spodeal.com\/wp-content\/uploads\/2025\/09\/spodeal-factor-4-1024x338.png 1024w, https:\/\/spodeal.com\/wp-content\/uploads\/2025\/09\/spodeal-factor-4-768x254.png 768w\" sizes=\"auto, (max-width: 1441px) 100vw, 1441px\" \/><\/div><\/figure>[\/vc_column][\/vc_row][vc_section full_width=\u00bbstretch_row\u00bb css=\u00bb.vc_custom_1759925725929{padding-bottom: 60px !important;background-color: #E72E46 !important;}\u00bb][vc_row css=\u00bb.vc_custom_1759925647836{padding-top: 80px !important;padding-bottom: 10px !important;}\u00bb][vc_column][vc_column_text css_animation=\u00bbfadeIn\u00bb css=\u00bb\u00bb font_size=\u00bb20px\u00bb color=\u00bb#fffefe\u00bb]El Factor (Spodeal) radica en un m\u00e9todo probado y estandarizado que combina tres elementos clave: conocimiento experto, inteligencia de negocio y creatividad. Esta f\u00f3rmula nos permite replicar casos de \u00e9xito en el punto exacto donde se cruzan<strong> la estrategia, los datos y las ideas.<\/strong>[\/vc_column_text][vc_row_inner css=\u00bb.vc_custom_1759924191646{margin-top: 60px !important;}\u00bb][vc_column_inner width=\u00bb1\/3&#8243;]<style>.vcex-heading.vcex_69dc0d80210cb{color:#ffffff;font-size:var(--wpex-text-2xl);font-family:Denton, serif;}<\/style><h2 class=\"vcex-heading vcex-heading-plain vcex-module wpex-heading wpex-text-2xl  wpb_animate_when_almost_visible wpb_fadeInUp fadeInUp vc_custom_1760955388385 vcex_69dc0d80210cb\"><span class=\"vcex-heading-inner wpex-inline-block\"><span class=\"vcex-heading-icon vcex-heading-icon-left vcex-icon-wrap wpex-mr-10\"><span aria-hidden=\"true\" class=\"fa fa-solid fa-arrow-down-long\"><\/span><\/span>Conocimiento en acci\u00f3n<\/span><\/h2>[vc_column_text css_animation=\u00bbfadeInUp\u00bb css=\u00bb\u00bb color=\u00bb#ffffff\u00bb]\n<p class=\"p1\"><b>Profesionales. <\/b><b><\/b>La combinaci\u00f3n de conocimiento experto y experiencia pr\u00e1ctica nos permite formar un equipo capaz de afrontar cualquier reto desde una perspectiva \u00fanica, partiendo siempre de los m\u00e1s altos est\u00e1ndares de calidad.<\/p>\n[\/vc_column_text][\/vc_column_inner][vc_column_inner width=\u00bb1\/3&#8243;]<style>.vcex-heading.vcex_69dc0d80218a9{color:#ffffff;font-size:var(--wpex-text-2xl);font-family:Denton, serif;}<\/style><h2 class=\"vcex-heading vcex-heading-plain vcex-module wpex-heading wpex-text-2xl  wpb_animate_when_almost_visible wpb_fadeInUp fadeInUp vc_custom_1759940827664 vcex_69dc0d80218a9\"><span class=\"vcex-heading-inner wpex-inline-block\"><span class=\"vcex-heading-icon vcex-heading-icon-left vcex-icon-wrap wpex-mr-10\"><span aria-hidden=\"true\" class=\"fa fa-solid fa-arrow-down-long\"><\/span><\/span>Tecnolog\u00eda e inteligencia<\/span><\/h2>[vc_column_text css_animation=\u00bbfadeInUp\u00bb css=\u00bb\u00bb color=\u00bb#ffffff\u00bb]\n<p class=\"p1\"><b>Herramienta. <\/b><b><\/b>Una soluci\u00f3n tecnol\u00f3gica que integra y cruza m\u00faltiples bases de datos para generar resultados precisos, anal\u00edticos y de alto valor cualitativo, todo ello a trav\u00e9s de nuestra plataforma inteligente <span class=\"s1\"><b>Spodeal Finder<\/b><\/span>.<\/p>\n[\/vc_column_text][\/vc_column_inner][vc_column_inner width=\u00bb1\/3&#8243;]<style>.vcex-heading.vcex_69dc0d8021c35{color:#ffffff;font-size:var(--wpex-text-2xl);font-family:Denton, serif;}<\/style><h2 class=\"vcex-heading vcex-heading-plain vcex-module wpex-heading wpex-text-2xl  wpb_animate_when_almost_visible wpb_fadeInUp fadeInUp vc_custom_1760952942523 vcex_69dc0d8021c35\"><span class=\"vcex-heading-inner wpex-inline-block\"><span class=\"vcex-heading-icon vcex-heading-icon-left vcex-icon-wrap wpex-mr-10\"><span aria-hidden=\"true\" class=\"fa fa-solid fa-arrow-down-long\"><\/span><\/span>Results-driven<\/span><\/h2>[vc_column_text css_animation=\u00bbfadeInUp\u00bb css=\u00bb\u00bb color=\u00bb#ffffff\u00bb]\n<p class=\"p1\"><b>Flujo de trabajo. <\/b><b><\/b>En Spodeal, tenemos la oportunidad de construir una propuesta de valor \u00fanica e inigualable, aprovechando la inteligencia de negocio y la tecnolog\u00eda para posicionarnos como los m\u00e1s r\u00e1pidos y precisos del sector.<\/p>\n[\/vc_column_text][\/vc_column_inner][\/vc_row_inner][\/vc_column][\/vc_row][vc_row full_width=\u00bbstretch_row_content_no_spaces\u00bb][vc_column]<figure class=\"vcex-image vcex-module vcex-fill-column  wpb_animate_when_almost_visible wpb_fadeIn fadeIn\"><div class=\"vcex-image-inner wpex-relative wpex-inline-block\"><img width=\"1920\" height=\"1254\" src=\"https:\/\/spodeal.com\/wp-content\/uploads\/2025\/09\/Banner-Spodeal-Factor3-80.jpg\" class=\"vcex-image-img wpex-align-middle\" alt=\"\" loading=\"lazy\" decoding=\"async\" srcset=\"https:\/\/spodeal.com\/wp-content\/uploads\/2025\/09\/Banner-Spodeal-Factor3-80.jpg 1920w, https:\/\/spodeal.com\/wp-content\/uploads\/2025\/09\/Banner-Spodeal-Factor3-80-300x196.jpg 300w, https:\/\/spodeal.com\/wp-content\/uploads\/2025\/09\/Banner-Spodeal-Factor3-80-1024x669.jpg 1024w, https:\/\/spodeal.com\/wp-content\/uploads\/2025\/09\/Banner-Spodeal-Factor3-80-768x502.jpg 768w, https:\/\/spodeal.com\/wp-content\/uploads\/2025\/09\/Banner-Spodeal-Factor3-80-1536x1003.jpg 1536w\" sizes=\"auto, (max-width: 1920px) 100vw, 1920px\" \/><\/div><\/figure>[\/vc_column][\/vc_row][vc_row remove_bottom_col_margin=\u00bbtrue\u00bb css=\u00bb.vc_custom_1759940768568{padding-top: 40px !important;padding-bottom: 40px !important;}\u00bb][vc_column]<style>.vcex-heading.vcex_69dc0d80226a0{color:#ffffff;font-size:var(--wpex-text-3xl);font-family:Denton, serif;}<\/style><h3 class=\"vcex-heading vcex-heading-plain vcex-module wpex-heading wpex-text-2xl  wpb_animate_when_almost_visible wpb_fadeInUp fadeInUp vcex_69dc0d80226a0\"><span class=\"vcex-heading-inner wpex-inline-block\">Our secret weapon<\/span><\/h3><style>.vcex-heading.vcex_69dc0d8022a49{color:#fefefe;font-size:var(--wpex-text-3xl);font-family:Montserrat, sans-serif;font-weight:900;}<\/style><div class=\"vcex-heading vcex-heading-plain vcex-module wpex-heading wpex-text-2xl  wpb_animate_when_almost_visible wpb_fadeInUp fadeInUp vcex_69dc0d8022a49\"><span class=\"vcex-heading-inner wpex-inline-block\">Spodeal Finder<\/span><\/div>[vc_column_text css_animation=\u00bbfadeInUp\u00bb css=\u00bb.vc_custom_1759941030567{padding-top: 50px !important;padding-bottom: 2% !important;}\u00bb color=\u00bb#fffefe\u00bb]\n<p class=\"p1\"><b>Desarrollado en colaboraci\u00f3n con Salesforce, Spodeal Finder es nuestro propio hub de inteligencia aplicada al negocio del sport business, impulsado por inteligencia artificial. <\/b><b><\/b>La herramienta conecta fuentes externas de informaci\u00f3n con la inteligencia de mercado y el know-how exclusivo de Spodeal, permiti\u00e9ndonos acceder a insights en tiempo real m\u00e1s r\u00e1pido que nadie. Acompa\u00f1amos a nuestros clientes en todas las fases del proyecto, hasta una entrega final que realmente marca la diferencia.<\/p>\n[\/vc_column_text][\/vc_column][\/vc_row][vc_row css_animation=\u00bbfadeIn\u00bb][vc_column][vc_raw_html css=\u00bb\u00bb]JTNDZGl2JTIwY2xhc3MlM0QlMjJjYXJkLWdyaWQlMjIlM0UlMEElMjAlMjAlM0MlMjEtLSUyMEZhc2UlMjAxJTIwLS0lM0UlMEElMjAlMjAlM0NhcnRpY2xlJTIwY2xhc3MlM0QlMjJjYXJkJTIyJTNFJTBBJTIwJTIwJTIwJTIwJTNDaW1nJTIwY2xhc3MlM0QlMjJjYXJkLWJnJTIyJTIwc3JjJTNEJTIyaHR0cHMlM0ElMkYlMkZzcG9kZWFsLmNvbSUyRndwLWNvbnRlbnQlMkZ1cGxvYWRzJTJGMjAyNSUyRjA5JTJGcGV4ZWxzLW11dGVjZXZ2aWwtMjI5MzE4NzgtMi1zY2FsZWQtZTE3NTgwMjI4MDY0OTQuanBnJTIyJTIwc3R5bGUlM0QlMjJvYmplY3QtcG9zaXRpb24lM0FjZW50ZXIlMjAzMCUyNSUzQiUyMiUzRSUwQSUyMCUyMCUyMCUyMCUzQ2RpdiUyMGNsYXNzJTNEJTIyY2FyZC1jb250ZW50JTIyJTNFJTBBJTIwJTIwJTIwJTIwJTIwJTIwJTNDcCUyMGNsYXNzJTNEJTIyY2FyZC1waGFzZSUyMiUzRUJyYW5kJTIwY29uc3VsdGFuY3klM0MlMkZwJTNFJTBBJTIwJTIwJTIwJTIwJTIwJTIwJTNDaDIlMjBjbGFzcyUzRCUyMmNhcmQtdGl0bGUlMjIlM0VGaW5kJTIweW91ciUyMCUzQ2JyJTNFJTIwYmVzdCUyMG1hdGNoJTIwaW4lMjBzcG9ydHMlMjBhbmQlMjBlbnRlcnRhaW5tZW50JTIwJTBBJTNDJTJGaDIlM0UlMEElMjAlMjAlMjAlMjAlMjAlMjAlM0NwJTIwY2xhc3MlM0QlMjJjYXJkLWNvcHklMjIlM0VJZGVudGlmeSUyMHRoZSUyMHRlcnJpdG9yeSUyMGFuZCUyMHByb3BlcnRpZXMlMjB3aXRoJTIwaGlnaGVzdCUyMGFmZmluaXR5JTIwd2l0aCUyMHlvdXIlMjBicmFuZCUyMCUyNiUyMGRlc2lyZWQlMjB0YXJnZXQuJTNDJTJGcCUzRSUwQSUyMCUyMCUyMCUyMCUzQyUyRmRpdiUzRSUwQSUyMCUyMCUzQyUyRmFydGljbGUlM0UlMEElMEElMjAlMjAlM0MlMjEtLSUyMEZhc2UlMjAyJTIwLS0lM0UlMEElMjAlMjAlM0NhcnRpY2xlJTIwY2xhc3MlM0QlMjJjYXJkJTIyJTNFJTBBJTIwJTIwJTIwJTIwJTNDaW1nJTIwY2xhc3MlM0QlMjJjYXJkLWJnJTIyJTIwc3JjJTNEJTIyaHR0cHMlM0ElMkYlMkZzcG9kZWFsLmNvbSUyRndwLWNvbnRlbnQlMkZ1cGxvYWRzJTJGMjAyNSUyRjA5JTJGcGV4ZWxzLWdvbnphbG8tbWVuZGlvbGEtOTU4NDIyMzMtMjQ3MDY1NDEtc2NhbGVkLWUxNzU4MDIzMjkwOTY4LmpwZyUyMiUyMHN0eWxlJTNEJTIyb2JqZWN0LXBvc2l0aW9uJTNBY2VudGVyJTIwY2VudGVyJTNCJTIyJTNFJTBBJTIwJTIwJTIwJTIwJTNDZGl2JTIwY2xhc3MlM0QlMjJjYXJkLWNvbnRlbnQlMjIlM0UlMEElMjAlMjAlMjAlMjAlMjAlMjAlM0NwJTIwY2xhc3MlM0QlMjJjYXJkLXBoYXNlJTIyJTNFRGVhbCUyMG5lZ290aWF0aW9uJTNDJTJGcCUzRSUwQSUyMCUyMCUyMCUyMCUyMCUyMCUzQ2gyJTIwY2xhc3MlM0QlMjJjYXJkLXRpdGxlJTIyJTNFQ3JhZnQlMjB5b3VyJTIwYmVzdCUyMHNwb25zb3JzaGlwJTIwYWdyZWVtZW50JTNDJTJGaDIlM0UlMEElMjAlMjAlMjAlMjAlMjAlMjAlM0NwJTIwY2xhc3MlM0QlMjJjYXJkLWNvcHklMjIlM0VEaXNjb3ZlciUyMHRoZSUyMGFzc2V0cyUyMHRoYXQlMjB3aWxsJTIwaGVscCUyMHlvdSUyMHRvJTIwbWVldCUyMHlvdXIlMjBnb2FscyUyMGFuZCUyMHRoZSUyMGRlYWwlMjBmYWlyJTIwbWFya2V0JTIwdmFsdWUuJTNDJTJGcCUzRSUwQSUyMCUyMCUyMCUyMCUzQyUyRmRpdiUzRSUwQSUyMCUyMCUzQyUyRmFydGljbGUlM0UlMEElMEElMjAlMjAlM0MlMjEtLSUyMEZhc2UlMjAzJTIwLS0lM0UlMEElMjAlMjAlM0NhcnRpY2xlJTIwY2xhc3MlM0QlMjJjYXJkJTIyJTNFJTBBJTIwJTIwJTIwJTIwJTNDaW1nJTIwY2xhc3MlM0QlMjJjYXJkLWJnJTIyJTIwc3JjJTNEJTIyaHR0cHMlM0ElMkYlMkZzcG9kZWFsLmNvbSUyRndwLWNvbnRlbnQlMkZ1cGxvYWRzJTJGMjAyNSUyRjA5JTJGcGV4ZWxzLWFtYXItMTMwMzAzNDUtNC1zY2FsZWQuanBnJTIyJTIwc3R5bGUlM0QlMjJvYmplY3QtcG9zaXRpb24lM0FjZW50ZXIlMjBjZW50ZXIlM0IlMjIlM0UlMEElMjAlMjAlMjAlMjAlM0NkaXYlMjBjbGFzcyUzRCUyMmNhcmQtY29udGVudCUyMiUzRSUwQSUyMCUyMCUyMCUyMCUyMCUyMCUzQ3AlMjBjbGFzcyUzRCUyMmNhcmQtcGhhc2UlMjIlM0VCdXNpbmVzcyUyMGRldmVsb3BlbWVudCUzQyUyRnAlM0UlMEElMjAlMjAlMjAlMjAlMjAlMjAlM0NoMiUyMGNsYXNzJTNEJTIyY2FyZC10aXRsZSUyMiUzRUJ1aWxkJTIwdGhlJTIwbW9zdCUyMHF1YWxpdGF0aXZlJTIwYnJhbmRzJTIwcGlwZWxpbmUlM0MlMkZoMiUzRSUwQSUyMCUyMCUyMCUyMCUyMCUyMCUzQ3AlMjBjbGFzcyUzRCUyMmNhcmQtY29weSUyMiUzRUZpbmQlMjB0aGUlMjBiZXN0JTIwY29tcGFuaWVzJTIwYW5kJTIwY29udGFjdHMlMjB0byUyMHJlYWNoJTIwb3V0JTIwY29uc2lkZXJpbmclMjB0aGUlMjBnYXBzJTIwaW4lMjB0aGUlMjBleGlzaXRuZyUyMHNwb25zb3JzaGlwJTIwcG9ydGZvbGlvJTIwYW5kJTIwdGhlJTIwc3BvcnQlMjBwcm9wZXJ0eSUyMEROQS4lM0MlMkZwJTNFJTBBJTIwJTIwJTIwJTIwJTNDJTJGZGl2JTNFJTBBJTIwJTIwJTNDJTJGYXJ0aWNsZSUzRSUwQSUwQSUyMCUyMCUzQyUyMS0tJTIwRmFzZSUyMDQlMjAtLSUzRSUwQSUyMCUyMCUzQ2FydGljbGUlMjBjbGFzcyUzRCUyMmNhcmQlMjIlM0UlMEElMjAlMjAlMjAlMjAlM0NpbWclMjBjbGFzcyUzRCUyMmNhcmQtYmclMjIlMjBzcmMlM0QlMjJodHRwcyUzQSUyRiUyRnNwb2RlYWwuY29tJTJGd3AtY29udGVudCUyRnVwbG9hZHMlMkYyMDI1JTJGMDklMkZXaGF0c0FwcC1JbWFnZS0yMDIzLTA3LTEzLWF0LTEwLTItZTE3NTgwMzM0NjU1MDIuanBnJTIyJTIwc3R5bGUlM0QlMjJvYmplY3QtcG9zaXRpb24lM0FjZW50ZXIlMjA0MCUyNSUzQiUyMiUzRSUwQSUyMCUyMCUyMCUyMCUzQ2RpdiUyMGNsYXNzJTNEJTIyY2FyZC1jb250ZW50JTIyJTNFJTBBJTIwJTIwJTIwJTIwJTIwJTIwJTNDcCUyMGNsYXNzJTNEJTIyY2FyZC1waGFzZSUyMiUzRUJ1c2luZXNzJTIwaW50ZWxsaWdlbmNlJTNDJTJGcCUzRSUwQSUyMCUyMCUyMCUyMCUyMCUyMCUzQ2gyJTIwY2xhc3MlM0QlMjJjYXJkLXRpdGxlJTIyJTNFTmF2aWdhdGUlMjB3aXRoaW4lMjB0aGUlMjBzcG9uc29yc2hpcCUyMGluZHVzdHJ5JTNDJTJGaDIlM0UlMEElMjAlMjAlMjAlMjAlMjAlMjAlM0NwJTIwY2xhc3MlM0QlMjJjYXJkLWNvcHklMjIlM0VEaXNjb3ZlciUyMHRoZSUyMHNwb25zb3JzaGlwJTIwZGVhbCUyMGZlZSUyMHJhbmdlcyUyMG9mJTIwYW55JTIwYnJhbmQlMjBvciUyMHByb3BlcnR5JTIwaW4lMjB0aGUlMjBzcG9ydCUyMGJ1c2luZXNzLiUzQyUyRnAlM0UlMEElMjAlMjAlMjAlMjAlM0MlMkZkaXYlM0UlMEElMjAlMjAlM0MlMkZhcnRpY2xlJTNFJTBBJTNDJTJGZGl2JTNF[\/vc_raw_html][\/vc_column][\/vc_row][\/vc_section][vc_row full_width=\u00bbstretch_row_content_no_spaces\u00bb css=\u00bb.vc_custom_1759925742958{padding-top: 20px !important;}\u00bb][vc_column]<style class=\"vcex-carousel-preload-css\">.vcex_69dc0d8023af1{--wpex-carousel-gap:15px;}.vcex_69dc0d8023af1{--wpex-carousel-columns:1;}.vcex_69dc0d8023af1.wpex-carousel:not(.wpex-carousel--loaded) > *:not(:nth-child(1n+2)){display: flex !important;}@media only screen and (min-width: 480px) {.vcex_69dc0d8023af1{--wpex-carousel-columns:2;}.vcex_69dc0d8023af1.wpex-carousel:not(.wpex-carousel--loaded) > *:not(:nth-child(1n+3)){display: flex !important;}}@media only screen and (min-width: 768px) {.vcex_69dc0d8023af1{--wpex-carousel-columns:3;}.vcex_69dc0d8023af1.wpex-carousel:not(.wpex-carousel--loaded) > *:not(:nth-child(1n+4)){display: flex !important;}}@media only screen and (min-width: 960px) {.vcex_69dc0d8023af1{--wpex-carousel-columns:4;}.vcex_69dc0d8023af1.wpex-carousel:not(.wpex-carousel--loaded) > *:not(:nth-child(1n+5)){display: flex !important;}}<\/style><div class=\"vcex-image-carousel wpex-carousel wpex-carousel-images wpex-clr vcex-module wpex-carousel--render-onload vcex_69dc0d8023af1\" data-wpex-carousel=\"{&quot;nav&quot;:&quot;false&quot;,&quot;autoplay&quot;:&quot;true&quot;,&quot;autoplayHoverPause&quot;:&quot;false&quot;,&quot;slideBy&quot;:1,&quot;responsive&quot;:{&quot;0&quot;:{&quot;items&quot;:&quot;1&quot;},&quot;480&quot;:{&quot;items&quot;:&quot;2&quot;},&quot;768&quot;:{&quot;items&quot;:&quot;3&quot;},&quot;960&quot;:{&quot;items&quot;:&quot;4&quot;}},&quot;smartSpeed&quot;:3500,&quot;autoplayTimeout&quot;:3500,&quot;slideTransition&quot;:&quot;linear&quot;,&quot;autoplayDelay&quot;:&quot;false&quot;,&quot;mouseDrag&quot;:&quot;false&quot;,&quot;touchDrag&quot;:&quot;false&quot;}\"><div class=\"wpex-carousel-slide wpex-text-center\"><figure class=\"wpex-carousel-entry-media entry-media wpex-relative wpex-mb-20\"><img data-no-lazy=\"1\" class=\"wpex-align-middle skip-lazy\" src=\"https:\/\/spodeal.com\/wp-content\/uploads\/2025\/09\/Mesa-de-trabajo-1-80-3-300x158.jpg\" alt=\"\" srcset=\"https:\/\/spodeal.com\/wp-content\/uploads\/2025\/09\/Mesa-de-trabajo-1-80-3-300x158.jpg 300w, https:\/\/spodeal.com\/wp-content\/uploads\/2025\/09\/Mesa-de-trabajo-1-80-3-1024x539.jpg 1024w, https:\/\/spodeal.com\/wp-content\/uploads\/2025\/09\/Mesa-de-trabajo-1-80-3-768x404.jpg 768w, https:\/\/spodeal.com\/wp-content\/uploads\/2025\/09\/Mesa-de-trabajo-1-80-3.jpg 1132w\" width=\"300\" height=\"158\"><\/figure><\/div><div class=\"wpex-carousel-slide wpex-text-center\"><figure class=\"wpex-carousel-entry-media entry-media wpex-relative wpex-mb-20\"><img data-no-lazy=\"1\" class=\"wpex-align-middle skip-lazy\" src=\"https:\/\/spodeal.com\/wp-content\/uploads\/2025\/09\/Mesa-de-trabajo-2-80-2-300x158.jpg\" alt=\"\" srcset=\"https:\/\/spodeal.com\/wp-content\/uploads\/2025\/09\/Mesa-de-trabajo-2-80-2-300x158.jpg 300w, https:\/\/spodeal.com\/wp-content\/uploads\/2025\/09\/Mesa-de-trabajo-2-80-2-1024x539.jpg 1024w, https:\/\/spodeal.com\/wp-content\/uploads\/2025\/09\/Mesa-de-trabajo-2-80-2-768x404.jpg 768w, https:\/\/spodeal.com\/wp-content\/uploads\/2025\/09\/Mesa-de-trabajo-2-80-2.jpg 1133w\" width=\"300\" height=\"158\"><\/figure><\/div><div class=\"wpex-carousel-slide wpex-text-center\"><figure class=\"wpex-carousel-entry-media entry-media wpex-relative wpex-mb-20\"><img data-no-lazy=\"1\" class=\"wpex-align-middle skip-lazy\" src=\"https:\/\/spodeal.com\/wp-content\/uploads\/2025\/09\/Mesa-de-trabajo-3-80-2-300x158.jpg\" alt=\"\" srcset=\"https:\/\/spodeal.com\/wp-content\/uploads\/2025\/09\/Mesa-de-trabajo-3-80-2-300x158.jpg 300w, https:\/\/spodeal.com\/wp-content\/uploads\/2025\/09\/Mesa-de-trabajo-3-80-2-1024x539.jpg 1024w, https:\/\/spodeal.com\/wp-content\/uploads\/2025\/09\/Mesa-de-trabajo-3-80-2-768x404.jpg 768w, https:\/\/spodeal.com\/wp-content\/uploads\/2025\/09\/Mesa-de-trabajo-3-80-2.jpg 1133w\" width=\"300\" height=\"158\"><\/figure><\/div><div class=\"wpex-carousel-slide wpex-text-center\"><figure class=\"wpex-carousel-entry-media entry-media wpex-relative wpex-mb-20\"><img data-no-lazy=\"1\" class=\"wpex-align-middle skip-lazy\" src=\"https:\/\/spodeal.com\/wp-content\/uploads\/2025\/09\/Mesa-de-trabajo-4-80-2-300x158.jpg\" alt=\"\" srcset=\"https:\/\/spodeal.com\/wp-content\/uploads\/2025\/09\/Mesa-de-trabajo-4-80-2-300x158.jpg 300w, https:\/\/spodeal.com\/wp-content\/uploads\/2025\/09\/Mesa-de-trabajo-4-80-2-1024x539.jpg 1024w, https:\/\/spodeal.com\/wp-content\/uploads\/2025\/09\/Mesa-de-trabajo-4-80-2-768x404.jpg 768w, https:\/\/spodeal.com\/wp-content\/uploads\/2025\/09\/Mesa-de-trabajo-4-80-2.jpg 1133w\" width=\"300\" height=\"158\"><\/figure><\/div><div class=\"wpex-carousel-slide wpex-text-center\"><figure class=\"wpex-carousel-entry-media entry-media wpex-relative wpex-mb-20\"><img data-no-lazy=\"1\" class=\"wpex-align-middle skip-lazy\" src=\"https:\/\/spodeal.com\/wp-content\/uploads\/2025\/09\/Mesa-de-trabajo-5-80-2-300x158.jpg\" alt=\"\" srcset=\"https:\/\/spodeal.com\/wp-content\/uploads\/2025\/09\/Mesa-de-trabajo-5-80-2-300x158.jpg 300w, https:\/\/spodeal.com\/wp-content\/uploads\/2025\/09\/Mesa-de-trabajo-5-80-2-1024x539.jpg 1024w, https:\/\/spodeal.com\/wp-content\/uploads\/2025\/09\/Mesa-de-trabajo-5-80-2-768x404.jpg 768w, https:\/\/spodeal.com\/wp-content\/uploads\/2025\/09\/Mesa-de-trabajo-5-80-2.jpg 1133w\" width=\"300\" height=\"158\"><\/figure><\/div><\/div>[\/vc_column][\/vc_row]\n<\/div>","protected":false},"excerpt":{"rendered":"<p>[vc_row full_width=\u00bbstretch_row_content_no_spaces\u00bb remove_bottom_col_margin=\u00bbtrue\u00bb][vc_column][\/vc_column][\/vc_row][vc_section full_width=\u00bbstretch_row\u00bb css=\u00bb.vc_custom_1759925725929{padding-bottom: 60px !important;background-color: #E72E46 !important;}\u00bb][vc_row css=\u00bb.vc_custom_1759925647836{padding-top: 80px !important;padding-bottom: 10px !important;}\u00bb][vc_column][vc_column_text css_animation=\u00bbfadeIn\u00bb css=\u00bb\u00bb font_size=\u00bb20px\u00bb color=\u00bb#fffefe\u00bb]El Factor (Spodeal) radica en un m\u00e9todo probado y estandarizado que combina tres elementos clave: conocimiento experto, inteligencia de negocio y creatividad. Esta f\u00f3rmula nos permite replicar casos de \u00e9xito en el punto exacto donde se cruzan la&hellip;<\/p>\n","protected":false},"author":3,"featured_media":0,"parent":0,"menu_order":0,"comment_status":"closed","ping_status":"closed","template":"","meta":{"_acf_changed":false,"footnotes":""},"class_list":["post-2470","page","type-page","status-publish","hentry","entry","no-media"],"acf":[],"yoast_head":"<!-- This site is optimized with the Yoast SEO plugin v25.6 - https:\/\/yoast.com\/wordpress\/plugins\/seo\/ -->\n<title>The Spodeal Factor - Spodeal<\/title>\n<meta name=\"robots\" content=\"index, follow, max-snippet:-1, max-image-preview:large, max-video-preview:-1\" \/>\n<link rel=\"canonical\" href=\"https:\/\/spodeal.com\/es\/the-spodeal-factor\/\" \/>\n<meta property=\"og:locale\" content=\"es_ES\" \/>\n<meta property=\"og:type\" content=\"article\" \/>\n<meta property=\"og:title\" content=\"The Spodeal Factor - Spodeal\" \/>\n<meta property=\"og:description\" content=\"[vc_row full_width=\u00bbstretch_row_content_no_spaces\u00bb remove_bottom_col_margin=\u00bbtrue\u00bb][vc_column][\/vc_column][\/vc_row][vc_section full_width=\u00bbstretch_row\u00bb css=\u00bb.vc_custom_1759925725929{padding-bottom: 60px !important;background-color: #E72E46 !important;}\u00bb][vc_row css=\u00bb.vc_custom_1759925647836{padding-top: 80px !important;padding-bottom: 10px !important;}\u00bb][vc_column][vc_column_text css_animation=\u00bbfadeIn\u00bb css=\u00bb\u00bb font_size=\u00bb20px\u00bb color=\u00bb#fffefe\u00bb]El Factor (Spodeal) radica en un m\u00e9todo probado y estandarizado que combina tres elementos clave: conocimiento experto, inteligencia de negocio y creatividad. Esta f\u00f3rmula nos permite replicar casos de \u00e9xito en el punto exacto donde se cruzan la&hellip;\" \/>\n<meta property=\"og:url\" content=\"https:\/\/spodeal.com\/es\/the-spodeal-factor\/\" \/>\n<meta property=\"og:site_name\" content=\"Spodeal\" \/>\n<meta property=\"article:modified_time\" content=\"2025-10-20T10:16:36+00:00\" \/>\n<meta property=\"og:image\" content=\"https:\/\/spodeal.com\/wp-content\/uploads\/2026\/02\/logo-spodeal.jpg\" \/>\n\t<meta property=\"og:image:width\" content=\"1200\" \/>\n\t<meta property=\"og:image:height\" content=\"675\" \/>\n\t<meta property=\"og:image:type\" content=\"image\/jpeg\" \/>\n<meta name=\"twitter:card\" content=\"summary_large_image\" \/>\n<meta name=\"twitter:label1\" content=\"Tiempo de lectura\" \/>\n\t<meta name=\"twitter:data1\" content=\"3 minutos\" \/>\n<script type=\"application\/ld+json\" class=\"yoast-schema-graph\">{\"@context\":\"https:\/\/schema.org\",\"@graph\":[{\"@type\":\"WebPage\",\"@id\":\"https:\/\/spodeal.com\/es\/the-spodeal-factor\/\",\"url\":\"https:\/\/spodeal.com\/es\/the-spodeal-factor\/\",\"name\":\"The Spodeal Factor - Spodeal\",\"isPartOf\":{\"@id\":\"https:\/\/spodeal.com\/es\/#website\"},\"datePublished\":\"2025-09-02T10:50:40+00:00\",\"dateModified\":\"2025-10-20T10:16:36+00:00\",\"breadcrumb\":{\"@id\":\"https:\/\/spodeal.com\/es\/the-spodeal-factor\/#breadcrumb\"},\"inLanguage\":\"es\",\"potentialAction\":[{\"@type\":\"ReadAction\",\"target\":[\"https:\/\/spodeal.com\/es\/the-spodeal-factor\/\"]}]},{\"@type\":\"BreadcrumbList\",\"@id\":\"https:\/\/spodeal.com\/es\/the-spodeal-factor\/#breadcrumb\",\"itemListElement\":[{\"@type\":\"ListItem\",\"position\":1,\"name\":\"Portada\",\"item\":\"https:\/\/spodeal.com\/es\/\"},{\"@type\":\"ListItem\",\"position\":2,\"name\":\"The Spodeal Factor\"}]},{\"@type\":\"WebSite\",\"@id\":\"https:\/\/spodeal.com\/es\/#website\",\"url\":\"https:\/\/spodeal.com\/es\/\",\"name\":\"Spodeal\",\"description\":\"\",\"publisher\":{\"@id\":\"https:\/\/spodeal.com\/es\/#organization\"},\"potentialAction\":[{\"@type\":\"SearchAction\",\"target\":{\"@type\":\"EntryPoint\",\"urlTemplate\":\"https:\/\/spodeal.com\/es\/?s={search_term_string}\"},\"query-input\":{\"@type\":\"PropertyValueSpecification\",\"valueRequired\":true,\"valueName\":\"search_term_string\"}}],\"inLanguage\":\"es\"},{\"@type\":\"Organization\",\"@id\":\"https:\/\/spodeal.com\/es\/#organization\",\"name\":\"Spodeal\",\"url\":\"https:\/\/spodeal.com\/es\/\",\"logo\":{\"@type\":\"ImageObject\",\"inLanguage\":\"es\",\"@id\":\"https:\/\/spodeal.com\/es\/#\/schema\/logo\/image\/\",\"url\":\"https:\/\/spodeal.com\/wp-content\/uploads\/2025\/05\/logo.svg\",\"contentUrl\":\"https:\/\/spodeal.com\/wp-content\/uploads\/2025\/05\/logo.svg\",\"caption\":\"Spodeal\"},\"image\":{\"@id\":\"https:\/\/spodeal.com\/es\/#\/schema\/logo\/image\/\"},\"sameAs\":[\"https:\/\/www.linkedin.com\/company\/spodealgroup\/\",\"https:\/\/www.instagram.com\/spodealgroup\",\"https:\/\/www.youtube.com\/@spodealgroup\"]}]}<\/script>\n<!-- \/ Yoast SEO plugin. -->","yoast_head_json":{"title":"The Spodeal Factor - Spodeal","robots":{"index":"index","follow":"follow","max-snippet":"max-snippet:-1","max-image-preview":"max-image-preview:large","max-video-preview":"max-video-preview:-1"},"canonical":"https:\/\/spodeal.com\/es\/the-spodeal-factor\/","og_locale":"es_ES","og_type":"article","og_title":"The Spodeal Factor - Spodeal","og_description":"[vc_row full_width=\u00bbstretch_row_content_no_spaces\u00bb remove_bottom_col_margin=\u00bbtrue\u00bb][vc_column][\/vc_column][\/vc_row][vc_section full_width=\u00bbstretch_row\u00bb css=\u00bb.vc_custom_1759925725929{padding-bottom: 60px !important;background-color: #E72E46 !important;}\u00bb][vc_row css=\u00bb.vc_custom_1759925647836{padding-top: 80px !important;padding-bottom: 10px !important;}\u00bb][vc_column][vc_column_text css_animation=\u00bbfadeIn\u00bb css=\u00bb\u00bb font_size=\u00bb20px\u00bb color=\u00bb#fffefe\u00bb]El Factor (Spodeal) radica en un m\u00e9todo probado y estandarizado que combina tres elementos clave: conocimiento experto, inteligencia de negocio y creatividad. Esta f\u00f3rmula nos permite replicar casos de \u00e9xito en el punto exacto donde se cruzan la&hellip;","og_url":"https:\/\/spodeal.com\/es\/the-spodeal-factor\/","og_site_name":"Spodeal","article_modified_time":"2025-10-20T10:16:36+00:00","og_image":[{"width":1200,"height":675,"url":"https:\/\/spodeal.com\/wp-content\/uploads\/2026\/02\/logo-spodeal.jpg","type":"image\/jpeg"}],"twitter_card":"summary_large_image","twitter_misc":{"Tiempo de lectura":"3 minutos"},"schema":{"@context":"https:\/\/schema.org","@graph":[{"@type":"WebPage","@id":"https:\/\/spodeal.com\/es\/the-spodeal-factor\/","url":"https:\/\/spodeal.com\/es\/the-spodeal-factor\/","name":"The Spodeal Factor - Spodeal","isPartOf":{"@id":"https:\/\/spodeal.com\/es\/#website"},"datePublished":"2025-09-02T10:50:40+00:00","dateModified":"2025-10-20T10:16:36+00:00","breadcrumb":{"@id":"https:\/\/spodeal.com\/es\/the-spodeal-factor\/#breadcrumb"},"inLanguage":"es","potentialAction":[{"@type":"ReadAction","target":["https:\/\/spodeal.com\/es\/the-spodeal-factor\/"]}]},{"@type":"BreadcrumbList","@id":"https:\/\/spodeal.com\/es\/the-spodeal-factor\/#breadcrumb","itemListElement":[{"@type":"ListItem","position":1,"name":"Portada","item":"https:\/\/spodeal.com\/es\/"},{"@type":"ListItem","position":2,"name":"The Spodeal Factor"}]},{"@type":"WebSite","@id":"https:\/\/spodeal.com\/es\/#website","url":"https:\/\/spodeal.com\/es\/","name":"Spodeal","description":"","publisher":{"@id":"https:\/\/spodeal.com\/es\/#organization"},"potentialAction":[{"@type":"SearchAction","target":{"@type":"EntryPoint","urlTemplate":"https:\/\/spodeal.com\/es\/?s={search_term_string}"},"query-input":{"@type":"PropertyValueSpecification","valueRequired":true,"valueName":"search_term_string"}}],"inLanguage":"es"},{"@type":"Organization","@id":"https:\/\/spodeal.com\/es\/#organization","name":"Spodeal","url":"https:\/\/spodeal.com\/es\/","logo":{"@type":"ImageObject","inLanguage":"es","@id":"https:\/\/spodeal.com\/es\/#\/schema\/logo\/image\/","url":"https:\/\/spodeal.com\/wp-content\/uploads\/2025\/05\/logo.svg","contentUrl":"https:\/\/spodeal.com\/wp-content\/uploads\/2025\/05\/logo.svg","caption":"Spodeal"},"image":{"@id":"https:\/\/spodeal.com\/es\/#\/schema\/logo\/image\/"},"sameAs":["https:\/\/www.linkedin.com\/company\/spodealgroup\/","https:\/\/www.instagram.com\/spodealgroup","https:\/\/www.youtube.com\/@spodealgroup"]}]}},"_links":{"self":[{"href":"https:\/\/spodeal.com\/es\/wp-json\/wp\/v2\/pages\/2470","targetHints":{"allow":["GET"]}}],"collection":[{"href":"https:\/\/spodeal.com\/es\/wp-json\/wp\/v2\/pages"}],"about":[{"href":"https:\/\/spodeal.com\/es\/wp-json\/wp\/v2\/types\/page"}],"author":[{"embeddable":true,"href":"https:\/\/spodeal.com\/es\/wp-json\/wp\/v2\/users\/3"}],"replies":[{"embeddable":true,"href":"https:\/\/spodeal.com\/es\/wp-json\/wp\/v2\/comments?post=2470"}],"version-history":[{"count":10,"href":"https:\/\/spodeal.com\/es\/wp-json\/wp\/v2\/pages\/2470\/revisions"}],"predecessor-version":[{"id":2987,"href":"https:\/\/spodeal.com\/es\/wp-json\/wp\/v2\/pages\/2470\/revisions\/2987"}],"wp:attachment":[{"href":"https:\/\/spodeal.com\/es\/wp-json\/wp\/v2\/media?parent=2470"}],"curies":[{"name":"wp","href":"https:\/\/api.w.org\/{rel}","templated":true}]}}