{"id":2473,"date":"2025-06-25T20:12:41","date_gmt":"2025-06-25T18:12:41","guid":{"rendered":"https:\/\/spodeal.com\/cookie-policy\/"},"modified":"2025-10-13T11:27:42","modified_gmt":"2025-10-13T09:27:42","slug":"politica-de-cookies","status":"publish","type":"page","link":"https:\/\/spodeal.com\/es\/politica-de-cookies\/","title":{"rendered":"Pol\u00edtica de cookies"},"content":{"rendered":"<div class=\"wpb-content-wrapper\">[vc_row content_placement=\u00bbtop\u00bb column_spacing=\u00bb50&#8243;][vc_column]<style>.vcex-heading.vcex_69dc0d3c27a2c{color:#000000;font-size:clamp(30px,7vw,60px);font-family:Denton, serif;line-height:0.8;}<\/style><div class=\"vcex-heading vcex-heading-plain vcex-module wpex-heading wpex-text-2xl wpex-mb-0 wpex-text-left  wpb_animate_when_almost_visible wpb_bottom-to-top bottom-to-top vcex_69dc0d3c27a2c\"><span class=\"vcex-heading-inner wpex-inline-block\">Cookie<\/span><\/div><style>.vcex-heading.vcex_69dc0d3c2828a{color:#e72e46;font-size:clamp(30px,8vw,60px);font-family:Montserrat, sans-serif;line-height:0.9;}<\/style><div class=\"vcex-heading vcex-heading-plain vcex-module wpex-heading wpex-text-2xl wpex-text-left  wpb_animate_when_almost_visible wpb_bottom-to-top bottom-to-top vc_custom_1759936530666 vcex_69dc0d3c2828a\"><span class=\"vcex-heading-inner wpex-inline-block\">Pol\u00edtica<\/span><\/div>[vc_column_text css=\u00bb.vc_custom_1759936512075{margin-top: 50px !important;}\u00bb font_family=\u00bbMontserrat\u00bb]\n<div class=\"wpb_text_column wpb_content_element vc_custom_1753867173194\">\n<div class=\"wpb_wrapper\">\n<h3 class=\"p1\"><b>Tipos de cookies utilizadas<\/b><b><\/b><\/h3>\n<p class=\"p2\">Este sitio web puede utilizar tanto cookies temporales de sesi\u00f3n como cookies persistentes.<\/p>\n<p class=\"p2\">Las cookies de sesi\u00f3n almacenan datos \u00fanicamente mientras el usuario accede al sitio web, mientras que las cookies persistentes guardan informaci\u00f3n en el terminal del usuario para que pueda ser accedida y utilizada en m\u00e1s de una sesi\u00f3n.<\/p>\n<\/div>\n<\/div>\n[\/vc_column_text][vc_column_text css=\u00bb.vc_custom_1753867631095{margin-top: 50px !important;}\u00bb]\n<h3 class=\"p1\"><b>Cookies de an\u00e1lisis estad\u00edstico<\/b><b><\/b><\/h3>\n<p class=\"p2\">Son aquellas que permiten el seguimiento y an\u00e1lisis del comportamiento de los usuarios en los sitios web.<\/p>\n<p class=\"p2\">La informaci\u00f3n recopilada mediante este tipo de cookies se utiliza para medir la actividad de los sitios web, aplicaciones o plataformas, as\u00ed como para elaborar perfiles de navegaci\u00f3n de los usuarios con el fin de introducir mejoras en el servicio en funci\u00f3n del uso que hacen los usuarios.<\/p>\n[\/vc_column_text][vc_column_text css=\u00bb.vc_custom_1753867647765{margin-top: 50px !important;}\u00bb]\n<p class=\"p1\"><b>Cookies de terceros<\/b><b><\/b><\/p>\n<p class=\"p2\">Algunas p\u00e1ginas web pueden instalar cookies de terceros que nos permiten gestionar y mejorar los servicios ofrecidos. Por ejemplo: servicios estad\u00edsticos como Google Analytics.<\/p>\n[\/vc_column_text][vc_column_text css=\u00bb.vc_custom_1753867667518{margin-top: 50px !important;}\u00bb]\n<h3 class=\"p1\"><b>\u00bfQu\u00e9 ocurre si se bloquean las cookies?<\/b><b><\/b><\/h3>\n<p class=\"p2\">Si bloqueas el uso de cookies en tu navegador, es posible que algunos servicios o funcionalidades del sitio web no est\u00e9n disponibles.<\/p>\n<p class=\"p2\">En algunos navegadores puedes establecer reglas espec\u00edficas para gestionar las cookies de cada sitio web, lo que permite un control m\u00e1s preciso sobre tu privacidad. Esto significa que puedes desactivar las cookies de todos los sitios, excepto de aquellos en los que conf\u00edes.<\/p>\n[\/vc_column_text][vc_column_text css=\u00bb.vc_custom_1753867711497{margin-top: 50px !important;}\u00bb color=\u00bb#000000&#8243;]\n<h3 class=\"p1\"><b>\u00bfC\u00f3mo gestionar las cookies en el navegador?<\/b><b><\/b><\/h3>\n<p class=\"p3\">El usuario tiene la opci\u00f3n de permitir, bloquear o eliminar las cookies instaladas en su equipo mediante la configuraci\u00f3n de las opciones del navegador instalado en su terminal:<\/p>\n<p class=\"p1\"><b>Para configurar las cookies en el navegador Google Chrome:<\/b><b><\/b><\/p>\n<p class=\"p3\">Haz clic en el men\u00fa situado en la barra de herramientas y selecciona <i>Configuraci\u00f3n<\/i>.<\/p>\n<p class=\"p3\">Haz clic en <i>Mostrar opciones avanzadas<\/i>. En la secci\u00f3n <i>Privacidad<\/i>, pulsa el bot\u00f3n <i>Configuraci\u00f3n de contenido<\/i>.<\/p>\n<p class=\"p3\">En el apartado <i>Cookies<\/i> podr\u00e1s configurar las opciones deseadas.<\/p>\n<p class=\"p3\">M\u00e1s informaci\u00f3n sobre Google Chrome:<\/p>\n<p class=\"p3\"><a href=\"https:\/\/support.google.com\/chrome\/answer\/95647?hl=es\">https:\/\/support.google.com\/chrome\/answer\/95647?hl=es<\/a><\/p>\n<p>&nbsp;<\/p>\n<hr \/>\n<p>&nbsp;<\/p>\n<p class=\"p1\"><b>Para configurar las cookies en el navegador Mozilla Firefox:<\/b><b><\/b><\/p>\n<p class=\"p3\">En la parte superior de la ventana de Firefox, haz clic en el men\u00fa <i>Herramientas<\/i> y selecciona <i>Opciones<\/i>.<\/p>\n<p class=\"p3\">Accede al panel de <i>Privacidad<\/i>.<\/p>\n<p class=\"p3\">En la opci\u00f3n <i>Firefox podr\u00e1:<\/i> elige <i>Usar una configuraci\u00f3n personalizada para el historial<\/i> y ajusta las opciones seg\u00fan tus preferencias.<\/p>\n<p class=\"p3\">M\u00e1s informaci\u00f3n sobre Mozilla Firefox:<\/p>\n<p class=\"p3\"><a href=\"https:\/\/support.mozilla.org\/es\/kb\/cookies-informacion-que-los-sitios-web-guardan-en-\">https:\/\/support.mozilla.org\/es\/kb\/cookies-informacion-que-los-sitios-web-guardan-en-<\/a><\/p>\n<p>&nbsp;<\/p>\n<hr \/>\n<p class=\"p1\"><b>Para configurar las cookies en el navegador Internet Explorer 9:<\/b><b><\/b><\/p>\n<p class=\"p3\">En la parte superior de la ventana de Internet Explorer, haz clic en el men\u00fa <i>Herramientas<\/i>.<\/p>\n<p class=\"p3\">Selecciona <i>Seguridad<\/i> y utiliza la opci\u00f3n <i>Eliminar historial de exploraci\u00f3n<\/i> para eliminar las cookies.<\/p>\n<p class=\"p3\">Marca la casilla <i>Cookies<\/i> y haz clic en <i>Eliminar<\/i>.<\/p>\n<p class=\"p3\">Tambi\u00e9n puedes ajustar la configuraci\u00f3n de seguridad:<\/p>\n<p class=\"p3\">Desliza el control deslizante hacia arriba para bloquear todas las cookies o hacia abajo para permitirlas todas. Luego haz clic en <i>Aceptar<\/i>.<\/p>\n<p class=\"p3\">M\u00e1s informaci\u00f3n sobre Internet Explorer 9:<\/p>\n<p class=\"p3\"><a href=\"http:\/\/windows.microsoft.com\/es-es\/windows7\/how-to-manage-cookies-in-internet-explorer-9\">http:\/\/windows.microsoft.com\/es-es\/windows7\/how-to-manage-cookies-in-internet-explorer-9<\/a><\/p>\n[\/vc_column_text][\/vc_column][\/vc_row]\n<\/div>","protected":false},"excerpt":{"rendered":"<p>[vc_row content_placement=\u00bbtop\u00bb column_spacing=\u00bb50&#8243;][vc_column][vc_column_text css=\u00bb.vc_custom_1759936512075{margin-top: 50px !important;}\u00bb font_family=\u00bbMontserrat\u00bb] Tipos de cookies utilizadas Este sitio web puede utilizar tanto cookies temporales de sesi\u00f3n como cookies persistentes. Las cookies de sesi\u00f3n almacenan datos \u00fanicamente mientras el usuario accede al sitio web, mientras que las cookies persistentes guardan informaci\u00f3n en el terminal del usuario para que pueda ser accedida&hellip;<\/p>\n","protected":false},"author":1,"featured_media":0,"parent":0,"menu_order":0,"comment_status":"closed","ping_status":"closed","template":"","meta":{"_acf_changed":false,"footnotes":""},"class_list":["post-2473","page","type-page","status-publish","hentry","entry","no-media"],"acf":[],"yoast_head":"<!-- This site is optimized with the Yoast SEO plugin v25.6 - https:\/\/yoast.com\/wordpress\/plugins\/seo\/ -->\n<title>Pol\u00edtica de cookies - Spodeal<\/title>\n<meta name=\"robots\" content=\"index, follow, max-snippet:-1, max-image-preview:large, max-video-preview:-1\" \/>\n<link rel=\"canonical\" href=\"https:\/\/spodeal.com\/es\/politica-de-cookies\/\" \/>\n<meta property=\"og:locale\" content=\"es_ES\" \/>\n<meta property=\"og:type\" content=\"article\" \/>\n<meta property=\"og:title\" content=\"Pol\u00edtica de cookies - Spodeal\" \/>\n<meta property=\"og:description\" content=\"[vc_row content_placement=\u00bbtop\u00bb column_spacing=\u00bb50&#8243;][vc_column][vc_column_text css=\u00bb.vc_custom_1759936512075{margin-top: 50px !important;}\u00bb font_family=\u00bbMontserrat\u00bb] Tipos de cookies utilizadas Este sitio web puede utilizar tanto cookies temporales de sesi\u00f3n como cookies persistentes. Las cookies de sesi\u00f3n almacenan datos \u00fanicamente mientras el usuario accede al sitio web, mientras que las cookies persistentes guardan informaci\u00f3n en el terminal del usuario para que pueda ser accedida&hellip;\" \/>\n<meta property=\"og:url\" content=\"https:\/\/spodeal.com\/es\/politica-de-cookies\/\" \/>\n<meta property=\"og:site_name\" content=\"Spodeal\" \/>\n<meta property=\"article:modified_time\" content=\"2025-10-13T09:27:42+00:00\" \/>\n<meta property=\"og:image\" content=\"https:\/\/spodeal.com\/wp-content\/uploads\/2026\/02\/logo-spodeal.jpg\" \/>\n\t<meta property=\"og:image:width\" content=\"1200\" \/>\n\t<meta property=\"og:image:height\" content=\"675\" \/>\n\t<meta property=\"og:image:type\" content=\"image\/jpeg\" \/>\n<meta name=\"twitter:card\" content=\"summary_large_image\" \/>\n<meta name=\"twitter:label1\" content=\"Tiempo de lectura\" \/>\n\t<meta name=\"twitter:data1\" content=\"3 minutos\" \/>\n<script type=\"application\/ld+json\" class=\"yoast-schema-graph\">{\"@context\":\"https:\/\/schema.org\",\"@graph\":[{\"@type\":\"WebPage\",\"@id\":\"https:\/\/spodeal.com\/es\/politica-de-cookies\/\",\"url\":\"https:\/\/spodeal.com\/es\/politica-de-cookies\/\",\"name\":\"Pol\u00edtica de cookies - Spodeal\",\"isPartOf\":{\"@id\":\"https:\/\/spodeal.com\/es\/#website\"},\"datePublished\":\"2025-06-25T18:12:41+00:00\",\"dateModified\":\"2025-10-13T09:27:42+00:00\",\"breadcrumb\":{\"@id\":\"https:\/\/spodeal.com\/es\/politica-de-cookies\/#breadcrumb\"},\"inLanguage\":\"es\",\"potentialAction\":[{\"@type\":\"ReadAction\",\"target\":[\"https:\/\/spodeal.com\/es\/politica-de-cookies\/\"]}]},{\"@type\":\"BreadcrumbList\",\"@id\":\"https:\/\/spodeal.com\/es\/politica-de-cookies\/#breadcrumb\",\"itemListElement\":[{\"@type\":\"ListItem\",\"position\":1,\"name\":\"Portada\",\"item\":\"https:\/\/spodeal.com\/es\/\"},{\"@type\":\"ListItem\",\"position\":2,\"name\":\"Pol\u00edtica de cookies\"}]},{\"@type\":\"WebSite\",\"@id\":\"https:\/\/spodeal.com\/es\/#website\",\"url\":\"https:\/\/spodeal.com\/es\/\",\"name\":\"Spodeal\",\"description\":\"\",\"publisher\":{\"@id\":\"https:\/\/spodeal.com\/es\/#organization\"},\"potentialAction\":[{\"@type\":\"SearchAction\",\"target\":{\"@type\":\"EntryPoint\",\"urlTemplate\":\"https:\/\/spodeal.com\/es\/?s={search_term_string}\"},\"query-input\":{\"@type\":\"PropertyValueSpecification\",\"valueRequired\":true,\"valueName\":\"search_term_string\"}}],\"inLanguage\":\"es\"},{\"@type\":\"Organization\",\"@id\":\"https:\/\/spodeal.com\/es\/#organization\",\"name\":\"Spodeal\",\"url\":\"https:\/\/spodeal.com\/es\/\",\"logo\":{\"@type\":\"ImageObject\",\"inLanguage\":\"es\",\"@id\":\"https:\/\/spodeal.com\/es\/#\/schema\/logo\/image\/\",\"url\":\"https:\/\/spodeal.com\/wp-content\/uploads\/2025\/05\/logo.svg\",\"contentUrl\":\"https:\/\/spodeal.com\/wp-content\/uploads\/2025\/05\/logo.svg\",\"caption\":\"Spodeal\"},\"image\":{\"@id\":\"https:\/\/spodeal.com\/es\/#\/schema\/logo\/image\/\"},\"sameAs\":[\"https:\/\/www.linkedin.com\/company\/spodealgroup\/\",\"https:\/\/www.instagram.com\/spodealgroup\",\"https:\/\/www.youtube.com\/@spodealgroup\"]}]}<\/script>\n<!-- \/ Yoast SEO plugin. -->","yoast_head_json":{"title":"Pol\u00edtica de cookies - Spodeal","robots":{"index":"index","follow":"follow","max-snippet":"max-snippet:-1","max-image-preview":"max-image-preview:large","max-video-preview":"max-video-preview:-1"},"canonical":"https:\/\/spodeal.com\/es\/politica-de-cookies\/","og_locale":"es_ES","og_type":"article","og_title":"Pol\u00edtica de cookies - Spodeal","og_description":"[vc_row content_placement=\u00bbtop\u00bb column_spacing=\u00bb50&#8243;][vc_column][vc_column_text css=\u00bb.vc_custom_1759936512075{margin-top: 50px !important;}\u00bb font_family=\u00bbMontserrat\u00bb] Tipos de cookies utilizadas Este sitio web puede utilizar tanto cookies temporales de sesi\u00f3n como cookies persistentes. Las cookies de sesi\u00f3n almacenan datos \u00fanicamente mientras el usuario accede al sitio web, mientras que las cookies persistentes guardan informaci\u00f3n en el terminal del usuario para que pueda ser accedida&hellip;","og_url":"https:\/\/spodeal.com\/es\/politica-de-cookies\/","og_site_name":"Spodeal","article_modified_time":"2025-10-13T09:27:42+00:00","og_image":[{"width":1200,"height":675,"url":"https:\/\/spodeal.com\/wp-content\/uploads\/2026\/02\/logo-spodeal.jpg","type":"image\/jpeg"}],"twitter_card":"summary_large_image","twitter_misc":{"Tiempo de lectura":"3 minutos"},"schema":{"@context":"https:\/\/schema.org","@graph":[{"@type":"WebPage","@id":"https:\/\/spodeal.com\/es\/politica-de-cookies\/","url":"https:\/\/spodeal.com\/es\/politica-de-cookies\/","name":"Pol\u00edtica de cookies - Spodeal","isPartOf":{"@id":"https:\/\/spodeal.com\/es\/#website"},"datePublished":"2025-06-25T18:12:41+00:00","dateModified":"2025-10-13T09:27:42+00:00","breadcrumb":{"@id":"https:\/\/spodeal.com\/es\/politica-de-cookies\/#breadcrumb"},"inLanguage":"es","potentialAction":[{"@type":"ReadAction","target":["https:\/\/spodeal.com\/es\/politica-de-cookies\/"]}]},{"@type":"BreadcrumbList","@id":"https:\/\/spodeal.com\/es\/politica-de-cookies\/#breadcrumb","itemListElement":[{"@type":"ListItem","position":1,"name":"Portada","item":"https:\/\/spodeal.com\/es\/"},{"@type":"ListItem","position":2,"name":"Pol\u00edtica de cookies"}]},{"@type":"WebSite","@id":"https:\/\/spodeal.com\/es\/#website","url":"https:\/\/spodeal.com\/es\/","name":"Spodeal","description":"","publisher":{"@id":"https:\/\/spodeal.com\/es\/#organization"},"potentialAction":[{"@type":"SearchAction","target":{"@type":"EntryPoint","urlTemplate":"https:\/\/spodeal.com\/es\/?s={search_term_string}"},"query-input":{"@type":"PropertyValueSpecification","valueRequired":true,"valueName":"search_term_string"}}],"inLanguage":"es"},{"@type":"Organization","@id":"https:\/\/spodeal.com\/es\/#organization","name":"Spodeal","url":"https:\/\/spodeal.com\/es\/","logo":{"@type":"ImageObject","inLanguage":"es","@id":"https:\/\/spodeal.com\/es\/#\/schema\/logo\/image\/","url":"https:\/\/spodeal.com\/wp-content\/uploads\/2025\/05\/logo.svg","contentUrl":"https:\/\/spodeal.com\/wp-content\/uploads\/2025\/05\/logo.svg","caption":"Spodeal"},"image":{"@id":"https:\/\/spodeal.com\/es\/#\/schema\/logo\/image\/"},"sameAs":["https:\/\/www.linkedin.com\/company\/spodealgroup\/","https:\/\/www.instagram.com\/spodealgroup","https:\/\/www.youtube.com\/@spodealgroup"]}]}},"_links":{"self":[{"href":"https:\/\/spodeal.com\/es\/wp-json\/wp\/v2\/pages\/2473","targetHints":{"allow":["GET"]}}],"collection":[{"href":"https:\/\/spodeal.com\/es\/wp-json\/wp\/v2\/pages"}],"about":[{"href":"https:\/\/spodeal.com\/es\/wp-json\/wp\/v2\/types\/page"}],"author":[{"embeddable":true,"href":"https:\/\/spodeal.com\/es\/wp-json\/wp\/v2\/users\/1"}],"replies":[{"embeddable":true,"href":"https:\/\/spodeal.com\/es\/wp-json\/wp\/v2\/comments?post=2473"}],"version-history":[{"count":13,"href":"https:\/\/spodeal.com\/es\/wp-json\/wp\/v2\/pages\/2473\/revisions"}],"predecessor-version":[{"id":2863,"href":"https:\/\/spodeal.com\/es\/wp-json\/wp\/v2\/pages\/2473\/revisions\/2863"}],"wp:attachment":[{"href":"https:\/\/spodeal.com\/es\/wp-json\/wp\/v2\/media?parent=2473"}],"curies":[{"name":"wp","href":"https:\/\/api.w.org\/{rel}","templated":true}]}}