{"id":2476,"date":"2025-05-20T18:02:05","date_gmt":"2025-05-20T16:02:05","guid":{"rendered":"https:\/\/spodeal.com\/services\/"},"modified":"2025-10-23T12:08:09","modified_gmt":"2025-10-23T10:08:09","slug":"servicios","status":"publish","type":"page","link":"https:\/\/spodeal.com\/es\/servicios\/","title":{"rendered":"Servicios"},"content":{"rendered":"<div class=\"wpb-content-wrapper\">[vc_row content_placement=\u00bbtop\u00bb column_spacing=\u00bb50&#8243; css=\u00bb.vc_custom_1751479804498{margin-bottom: 40px !important;}\u00bb][vc_column]<style>.vcex-heading.vcex_69dc0d3ca7812{color:#000000;font-size:clamp(30px,7vw,60px);font-family:Denton, serif;line-height:var(--wpex-leading-tight);}<\/style><h1 class=\"vcex-heading vcex-heading-plain vcex-module wpex-heading wpex-text-2xl wpex-mb-0 wpex-text-left  wpb_animate_when_almost_visible wpb_bottom-to-top bottom-to-top vc_custom_1760349436496 vcex_69dc0d3ca7812\"><span class=\"vcex-heading-inner wpex-inline-block\">Servicios<\/span><\/h1><style>.vcex-heading.vcex_69dc0d3ca8013{color:#e72e46;font-size:clamp(30px,8vw,60px);font-family:Montserrat, sans-serif;line-height:0.8;}<\/style><div class=\"vcex-heading vcex-heading-plain vcex-module wpex-heading wpex-text-2xl wpex-mt-0 wpex-text-left  wpb_animate_when_almost_visible wpb_bottom-to-top bottom-to-top vc_custom_1760351208307 texto-movil vcex_69dc0d3ca8013\"><span class=\"vcex-heading-inner wpex-inline-block\">Lo mejor que sabemos hacer<\/span><\/div>[vc_column_text align=\u00bbnone\u00bb css=\u00bb.vc_custom_1760351217205{margin-top: 60px !important;}\u00bb font_weight=\u00bb600&#8243; width=\u00bb950&#8243; font_size=\u00bblg\u00bb font_family=\u00bbMontserrat\u00bb el_class=\u00bbtexto-movil\u00bb]En Spodeal, la inteligencia de datos, la visi\u00f3n humana y la forma \u00fanica de hacer convergen para transformar el negocio del deporte. Desde acuerdos internacionales hasta campa\u00f1as locales, actuamos con el prop\u00f3sito claro de dejar legado en todo lo que hacemos y ejecutamos con alta precisi\u00f3n en cada paso.<br \/>\nEl Factor Spodeal es nuestra forma de ser y hacer en la que convertimos las ideas en resultados de alto impacto \u2014 siempre, con rapidez.[\/vc_column_text][\/vc_column][\/vc_row][vc_section full_width=\u00bbstretch_row\u00bb css=\u00bb.vc_custom_1751990206793{padding-top: 100px !important;padding-bottom: 20px !important;background-color: #2C514C !important;}\u00bb][vc_row column_spacing=\u00bb40&#8243;][vc_column][vc_row_inner column_spacing=\u00bb30&#8243;][vc_column_inner el_class=\u00bbservices_wrap\u00bb width=\u00bb1\/2&#8243;]<style>.vcex-image-banner.vcex_69dc0d3ca8904{min-height:450px;}.vcex-image-banner.vcex_69dc0d3ca8904 .vcex-ib-content-wrap{padding-block-end:40px;}.vcex-image-banner.vcex_69dc0d3ca8904 .vcex-ib-title{color:#ffffff;font-family:Montserrat, sans-serif;}<\/style><a class=\"vcex-module vcex-image-banner vcex-image-banner-has-link wpex-no-underline wpex-flex wpex-flex-col wpex-w-100 wpex-justify-end wpex-relative wpex-overflow-hidden wpex-bg-gray-900 wpex-text-white wpex-hover-text-white wpex-text-left wpex-rounded-0 vcex-h-zoom wpex-isolate banner_services vcex_69dc0d3ca8904\" href=\"https:\/\/spodeal.com\/es\/servicios\/soluciones-gestion-derechos-deportivos\/\"><span class=\"vcex-ib-img wpex-block wpex-transition-all wpex-duration-500 wpex-bg-cover wpex-absolute wpex-inset-0\" style=\"background-image:url(https:\/\/spodeal.com\/wp-content\/uploads\/2025\/07\/WhatsApp-Image-2025-07-08-at-13.jpg);background-position:center center;\"><\/span><div class=\"vcex-ib-overlay wpex-absolute wpex-inset-0 wpex-transition-all wpex-duration-500\"><div class=\"vcex-ib-overlay-bg wpex-absolute wpex-inset-0 wpex-bg-black wpex-opacity-30\"><\/div><\/div><div class=\"vcex-ib-content-wrap wpex-w-100 wpex-transition-all wpex-duration-500 wpex-py-100 wpex-px-40 wpex-relative\"><div class=\"vcex-ib-content wpex-mx-auto\"><h3 class=\"vcex-ib-title wpex-heading wpex-text-4xl\">Soluciones para la gesti\u00f3n de derechos deportivos<\/h3><\/div><\/div><\/a>[\/vc_column_inner][vc_column_inner el_class=\u00bbservices_wrap\u00bb width=\u00bb1\/2&#8243;]<style>.vcex-image-banner.vcex_69dc0d3ca9c1c{min-height:450px;}.vcex-image-banner.vcex_69dc0d3ca9c1c .vcex-ib-content-wrap{padding-block-end:40px;}.vcex-image-banner.vcex_69dc0d3ca9c1c .vcex-ib-title{color:#ffffff;font-family:Montserrat, sans-serif;}<\/style><a class=\"vcex-module vcex-image-banner vcex-image-banner-has-link wpex-no-underline wpex-flex wpex-flex-col wpex-w-100 wpex-justify-end wpex-relative wpex-overflow-hidden wpex-bg-gray-900 wpex-text-white wpex-hover-text-white wpex-text-left wpex-rounded-0 vcex-h-zoom wpex-isolate banner_services vcex_69dc0d3ca9c1c\" href=\"https:\/\/spodeal.com\/es\/servicios\/marketing-deportivo-marcas\/\"><span class=\"vcex-ib-img wpex-block wpex-transition-all wpex-duration-500 wpex-bg-cover wpex-absolute wpex-inset-0\" style=\"background-image:url(https:\/\/spodeal.com\/wp-content\/uploads\/2025\/07\/Gatorade_4-scaled.jpg);background-position:center center;\"><\/span><div class=\"vcex-ib-overlay wpex-absolute wpex-inset-0 wpex-transition-all wpex-duration-500\"><div class=\"vcex-ib-overlay-bg wpex-absolute wpex-inset-0 wpex-bg-black wpex-opacity-30\"><\/div><\/div><div class=\"vcex-ib-content-wrap wpex-w-100 wpex-transition-all wpex-duration-500 wpex-py-100 wpex-px-40 wpex-relative\"><div class=\"vcex-ib-content wpex-mx-auto\"><h3 class=\"vcex-ib-title wpex-heading wpex-text-4xl\">Marketing deportivo para marcas<\/h3><\/div><\/div><\/a>[\/vc_column_inner][\/vc_row_inner][vc_row_inner column_spacing=\u00bb30&#8243;][vc_column_inner el_class=\u00bbservices_wrap\u00bb width=\u00bb1\/2&#8243;]<style>.vcex-image-banner.vcex_69dc0d3caad21{min-height:450px;}.vcex-image-banner.vcex_69dc0d3caad21 .vcex-ib-content-wrap{padding-block-end:40px;}.vcex-image-banner.vcex_69dc0d3caad21 .vcex-ib-title{color:#ffffff;font-family:Montserrat, sans-serif;}<\/style><a class=\"vcex-module vcex-image-banner vcex-image-banner-has-link wpex-no-underline wpex-flex wpex-flex-col wpex-w-100 wpex-justify-end wpex-relative wpex-overflow-hidden wpex-bg-gray-900 wpex-text-white wpex-hover-text-white wpex-text-left wpex-rounded-0 vcex-h-zoom wpex-isolate banner_services vcex_69dc0d3caad21\" href=\"https:\/\/spodeal.com\/es\/servicios\/embajadores-deportivos-para-marcas\/\"><span class=\"vcex-ib-img wpex-block wpex-transition-all wpex-duration-500 wpex-bg-cover wpex-absolute wpex-inset-0\" style=\"background-image:url(https:\/\/spodeal.com\/wp-content\/uploads\/2025\/07\/vueling_4-2.jpg);background-position:center center;\"><\/span><div class=\"vcex-ib-overlay wpex-absolute wpex-inset-0 wpex-transition-all wpex-duration-500\"><div class=\"vcex-ib-overlay-bg wpex-absolute wpex-inset-0 wpex-bg-black wpex-opacity-30\"><\/div><\/div><div class=\"vcex-ib-content-wrap wpex-w-100 wpex-transition-all wpex-duration-500 wpex-py-100 wpex-px-40 wpex-relative\"><div class=\"vcex-ib-content wpex-mx-auto\"><h3 class=\"vcex-ib-title wpex-heading wpex-text-4xl\">Embajadores deportivos para marcas<\/h3><\/div><\/div><\/a>[\/vc_column_inner][vc_column_inner el_class=\u00bbservices_wrap\u00bb width=\u00bb1\/2&#8243;]<style>.vcex-image-banner.vcex_69dc0d3cac184{min-height:450px;}.vcex-image-banner.vcex_69dc0d3cac184 .vcex-ib-content-wrap{padding-block-end:40px;}.vcex-image-banner.vcex_69dc0d3cac184 .vcex-ib-title{color:#ffffff;font-family:Montserrat, sans-serif;}<\/style><a class=\"vcex-module vcex-image-banner vcex-image-banner-has-link wpex-no-underline wpex-flex wpex-flex-col wpex-w-100 wpex-justify-end wpex-relative wpex-overflow-hidden wpex-bg-gray-900 wpex-text-white wpex-hover-text-white wpex-text-left wpex-rounded-0 vcex-h-zoom wpex-isolate banner_services vcex_69dc0d3cac184\" href=\"https:\/\/spodeal.com\/es\/servicios\/asesoramiento-inversion-deporte\/\"><span class=\"vcex-ib-img wpex-block wpex-transition-all wpex-duration-500 wpex-bg-cover wpex-absolute wpex-inset-0\" style=\"background-image:url(https:\/\/spodeal.com\/wp-content\/uploads\/2025\/07\/Captura-de-pantalla-2025-07-24-a-las-13-scaled.jpg);background-position:center center;\"><\/span><div class=\"vcex-ib-overlay wpex-absolute wpex-inset-0 wpex-transition-all wpex-duration-500\"><div class=\"vcex-ib-overlay-bg wpex-absolute wpex-inset-0 wpex-bg-black wpex-opacity-30\"><\/div><\/div><div class=\"vcex-ib-content-wrap wpex-w-100 wpex-transition-all wpex-duration-500 wpex-py-100 wpex-px-40 wpex-relative\"><div class=\"vcex-ib-content wpex-mx-auto\"><h3 class=\"vcex-ib-title wpex-heading wpex-text-4xl\">Asesoramiento e inversi\u00f3n en deporte<\/h3><\/div><\/div><\/a>[\/vc_column_inner][\/vc_row_inner][\/vc_column][\/vc_row][\/vc_section]\n<\/div>","protected":false},"excerpt":{"rendered":"<p>[vc_row content_placement=\u00bbtop\u00bb column_spacing=\u00bb50&#8243; css=\u00bb.vc_custom_1751479804498{margin-bottom: 40px !important;}\u00bb][vc_column][vc_column_text align=\u00bbnone\u00bb css=\u00bb.vc_custom_1760351217205{margin-top: 60px !important;}\u00bb font_weight=\u00bb600&#8243; width=\u00bb950&#8243; font_size=\u00bblg\u00bb font_family=\u00bbMontserrat\u00bb el_class=\u00bbtexto-movil\u00bb]En Spodeal, la inteligencia de datos, la visi\u00f3n humana y la forma \u00fanica de hacer convergen para transformar el negocio del deporte. Desde acuerdos internacionales hasta campa\u00f1as locales, actuamos con el prop\u00f3sito claro de dejar legado en todo lo que hacemos&hellip;<\/p>\n","protected":false},"author":1,"featured_media":0,"parent":0,"menu_order":1,"comment_status":"closed","ping_status":"closed","template":"","meta":{"_acf_changed":false,"footnotes":""},"class_list":["post-2476","page","type-page","status-publish","hentry","entry","no-media"],"acf":[],"yoast_head":"<!-- This site is optimized with the Yoast SEO plugin v25.6 - https:\/\/yoast.com\/wordpress\/plugins\/seo\/ -->\n<title>Soluciones de marketing deportivo | Servicios de Spodeal<\/title>\n<meta name=\"description\" content=\"Ayudamos a marcas, titulares de derechos e inversores con estrategia, patrocinio y activaci\u00f3n en marketing deportivo.\" \/>\n<meta name=\"robots\" content=\"index, follow, max-snippet:-1, max-image-preview:large, max-video-preview:-1\" \/>\n<link rel=\"canonical\" href=\"https:\/\/spodeal.com\/es\/servicios\/\" \/>\n<meta property=\"og:locale\" content=\"es_ES\" \/>\n<meta property=\"og:type\" content=\"article\" \/>\n<meta property=\"og:title\" content=\"Soluciones de marketing deportivo | Servicios de Spodeal\" \/>\n<meta property=\"og:description\" content=\"Ayudamos a marcas, titulares de derechos e inversores con estrategia, patrocinio y activaci\u00f3n en marketing deportivo.\" \/>\n<meta property=\"og:url\" content=\"https:\/\/spodeal.com\/es\/servicios\/\" \/>\n<meta property=\"og:site_name\" content=\"Spodeal\" \/>\n<meta property=\"article:modified_time\" content=\"2025-10-23T10:08:09+00:00\" \/>\n<meta property=\"og:image\" content=\"https:\/\/spodeal.com\/wp-content\/uploads\/2026\/02\/logo-spodeal.jpg\" \/>\n\t<meta property=\"og:image:width\" content=\"1200\" \/>\n\t<meta property=\"og:image:height\" content=\"675\" \/>\n\t<meta property=\"og:image:type\" content=\"image\/jpeg\" \/>\n<meta name=\"twitter:card\" content=\"summary_large_image\" \/>\n<meta name=\"twitter:label1\" content=\"Tiempo de lectura\" \/>\n\t<meta name=\"twitter:data1\" content=\"2 minutos\" \/>\n<script type=\"application\/ld+json\" class=\"yoast-schema-graph\">{\"@context\":\"https:\/\/schema.org\",\"@graph\":[{\"@type\":\"WebPage\",\"@id\":\"https:\/\/spodeal.com\/es\/servicios\/\",\"url\":\"https:\/\/spodeal.com\/es\/servicios\/\",\"name\":\"Soluciones de marketing deportivo | Servicios de Spodeal\",\"isPartOf\":{\"@id\":\"https:\/\/spodeal.com\/es\/#website\"},\"datePublished\":\"2025-05-20T16:02:05+00:00\",\"dateModified\":\"2025-10-23T10:08:09+00:00\",\"description\":\"Ayudamos a marcas, titulares de derechos e inversores con estrategia, patrocinio y activaci\u00f3n en marketing deportivo.\",\"breadcrumb\":{\"@id\":\"https:\/\/spodeal.com\/es\/servicios\/#breadcrumb\"},\"inLanguage\":\"es\",\"potentialAction\":[{\"@type\":\"ReadAction\",\"target\":[\"https:\/\/spodeal.com\/es\/servicios\/\"]}]},{\"@type\":\"BreadcrumbList\",\"@id\":\"https:\/\/spodeal.com\/es\/servicios\/#breadcrumb\",\"itemListElement\":[{\"@type\":\"ListItem\",\"position\":1,\"name\":\"Portada\",\"item\":\"https:\/\/spodeal.com\/es\/\"},{\"@type\":\"ListItem\",\"position\":2,\"name\":\"Servicios\"}]},{\"@type\":\"WebSite\",\"@id\":\"https:\/\/spodeal.com\/es\/#website\",\"url\":\"https:\/\/spodeal.com\/es\/\",\"name\":\"Spodeal\",\"description\":\"\",\"publisher\":{\"@id\":\"https:\/\/spodeal.com\/es\/#organization\"},\"potentialAction\":[{\"@type\":\"SearchAction\",\"target\":{\"@type\":\"EntryPoint\",\"urlTemplate\":\"https:\/\/spodeal.com\/es\/?s={search_term_string}\"},\"query-input\":{\"@type\":\"PropertyValueSpecification\",\"valueRequired\":true,\"valueName\":\"search_term_string\"}}],\"inLanguage\":\"es\"},{\"@type\":\"Organization\",\"@id\":\"https:\/\/spodeal.com\/es\/#organization\",\"name\":\"Spodeal\",\"url\":\"https:\/\/spodeal.com\/es\/\",\"logo\":{\"@type\":\"ImageObject\",\"inLanguage\":\"es\",\"@id\":\"https:\/\/spodeal.com\/es\/#\/schema\/logo\/image\/\",\"url\":\"https:\/\/spodeal.com\/wp-content\/uploads\/2025\/05\/logo.svg\",\"contentUrl\":\"https:\/\/spodeal.com\/wp-content\/uploads\/2025\/05\/logo.svg\",\"caption\":\"Spodeal\"},\"image\":{\"@id\":\"https:\/\/spodeal.com\/es\/#\/schema\/logo\/image\/\"},\"sameAs\":[\"https:\/\/www.linkedin.com\/company\/spodealgroup\/\",\"https:\/\/www.instagram.com\/spodealgroup\",\"https:\/\/www.youtube.com\/@spodealgroup\"]}]}<\/script>\n<!-- \/ Yoast SEO plugin. -->","yoast_head_json":{"title":"Soluciones de marketing deportivo | Servicios de Spodeal","description":"Ayudamos a marcas, titulares de derechos e inversores con estrategia, patrocinio y activaci\u00f3n en marketing deportivo.","robots":{"index":"index","follow":"follow","max-snippet":"max-snippet:-1","max-image-preview":"max-image-preview:large","max-video-preview":"max-video-preview:-1"},"canonical":"https:\/\/spodeal.com\/es\/servicios\/","og_locale":"es_ES","og_type":"article","og_title":"Soluciones de marketing deportivo | Servicios de Spodeal","og_description":"Ayudamos a marcas, titulares de derechos e inversores con estrategia, patrocinio y activaci\u00f3n en marketing deportivo.","og_url":"https:\/\/spodeal.com\/es\/servicios\/","og_site_name":"Spodeal","article_modified_time":"2025-10-23T10:08:09+00:00","og_image":[{"width":1200,"height":675,"url":"https:\/\/spodeal.com\/wp-content\/uploads\/2026\/02\/logo-spodeal.jpg","type":"image\/jpeg"}],"twitter_card":"summary_large_image","twitter_misc":{"Tiempo de lectura":"2 minutos"},"schema":{"@context":"https:\/\/schema.org","@graph":[{"@type":"WebPage","@id":"https:\/\/spodeal.com\/es\/servicios\/","url":"https:\/\/spodeal.com\/es\/servicios\/","name":"Soluciones de marketing deportivo | Servicios de Spodeal","isPartOf":{"@id":"https:\/\/spodeal.com\/es\/#website"},"datePublished":"2025-05-20T16:02:05+00:00","dateModified":"2025-10-23T10:08:09+00:00","description":"Ayudamos a marcas, titulares de derechos e inversores con estrategia, patrocinio y activaci\u00f3n en marketing deportivo.","breadcrumb":{"@id":"https:\/\/spodeal.com\/es\/servicios\/#breadcrumb"},"inLanguage":"es","potentialAction":[{"@type":"ReadAction","target":["https:\/\/spodeal.com\/es\/servicios\/"]}]},{"@type":"BreadcrumbList","@id":"https:\/\/spodeal.com\/es\/servicios\/#breadcrumb","itemListElement":[{"@type":"ListItem","position":1,"name":"Portada","item":"https:\/\/spodeal.com\/es\/"},{"@type":"ListItem","position":2,"name":"Servicios"}]},{"@type":"WebSite","@id":"https:\/\/spodeal.com\/es\/#website","url":"https:\/\/spodeal.com\/es\/","name":"Spodeal","description":"","publisher":{"@id":"https:\/\/spodeal.com\/es\/#organization"},"potentialAction":[{"@type":"SearchAction","target":{"@type":"EntryPoint","urlTemplate":"https:\/\/spodeal.com\/es\/?s={search_term_string}"},"query-input":{"@type":"PropertyValueSpecification","valueRequired":true,"valueName":"search_term_string"}}],"inLanguage":"es"},{"@type":"Organization","@id":"https:\/\/spodeal.com\/es\/#organization","name":"Spodeal","url":"https:\/\/spodeal.com\/es\/","logo":{"@type":"ImageObject","inLanguage":"es","@id":"https:\/\/spodeal.com\/es\/#\/schema\/logo\/image\/","url":"https:\/\/spodeal.com\/wp-content\/uploads\/2025\/05\/logo.svg","contentUrl":"https:\/\/spodeal.com\/wp-content\/uploads\/2025\/05\/logo.svg","caption":"Spodeal"},"image":{"@id":"https:\/\/spodeal.com\/es\/#\/schema\/logo\/image\/"},"sameAs":["https:\/\/www.linkedin.com\/company\/spodealgroup\/","https:\/\/www.instagram.com\/spodealgroup","https:\/\/www.youtube.com\/@spodealgroup"]}]}},"_links":{"self":[{"href":"https:\/\/spodeal.com\/es\/wp-json\/wp\/v2\/pages\/2476","targetHints":{"allow":["GET"]}}],"collection":[{"href":"https:\/\/spodeal.com\/es\/wp-json\/wp\/v2\/pages"}],"about":[{"href":"https:\/\/spodeal.com\/es\/wp-json\/wp\/v2\/types\/page"}],"author":[{"embeddable":true,"href":"https:\/\/spodeal.com\/es\/wp-json\/wp\/v2\/users\/1"}],"replies":[{"embeddable":true,"href":"https:\/\/spodeal.com\/es\/wp-json\/wp\/v2\/comments?post=2476"}],"version-history":[{"count":6,"href":"https:\/\/spodeal.com\/es\/wp-json\/wp\/v2\/pages\/2476\/revisions"}],"predecessor-version":[{"id":3211,"href":"https:\/\/spodeal.com\/es\/wp-json\/wp\/v2\/pages\/2476\/revisions\/3211"}],"wp:attachment":[{"href":"https:\/\/spodeal.com\/es\/wp-json\/wp\/v2\/media?parent=2476"}],"curies":[{"name":"wp","href":"https:\/\/api.w.org\/{rel}","templated":true}]}}