{"id":2480,"date":"2025-06-03T19:27:28","date_gmt":"2025-06-03T17:27:28","guid":{"rendered":"https:\/\/spodeal.com\/services\/sports-brand-ambassadors\/"},"modified":"2025-10-23T12:15:18","modified_gmt":"2025-10-23T10:15:18","slug":"embajadores-deportivos-para-marcas","status":"publish","type":"page","link":"https:\/\/spodeal.com\/es\/servicios\/embajadores-deportivos-para-marcas\/","title":{"rendered":"Embajadores deportivos para marcas"},"content":{"rendered":"<div class=\"wpb-content-wrapper\">[vc_row content_placement=\u00bbtop\u00bb column_spacing=\u00bb50&#8243; css=\u00bb.vc_custom_1748898289638{margin-bottom: 40px !important;}\u00bb][vc_column]<style>.vcex-heading.vcex_69dc0d3b37f5b{color:#e72e46;font-size:clamp(30px,7vw,60px);font-family:Denton, serif;line-height:1.2;}<\/style><div class=\"vcex-heading vcex-heading-plain vcex-module wpex-heading wpex-text-2xl wpex-mb-0 wpex-text-left  wpb_animate_when_almost_visible wpb_bottom-to-top bottom-to-top vcex_69dc0d3b37f5b\"><span class=\"vcex-heading-inner wpex-inline-block\">Sports<\/span><\/div><style>.vcex-heading.vcex_69dc0d3b38903{color:#000000;font-size:clamp(30px,8vw,60px);font-family:Montserrat, sans-serif;line-height:0.8;}<\/style><h1 class=\"vcex-heading vcex-heading-plain vcex-module wpex-heading wpex-text-2xl wpex-text-left  wpb_animate_when_almost_visible wpb_bottom-to-top bottom-to-top vc_custom_1761045007240 vcex_69dc0d3b38903\"><span class=\"vcex-heading-inner wpex-inline-block\">Embajadores deportivos para marcas<\/span><\/h1>[vc_column_text align=\u00bbnone\u00bb css=\u00bb.vc_custom_1760352842434{margin-top: 60px !important;}\u00bb font_weight=\u00bb600&#8243; width=\u00bb1015&#8243; font_size=\u00bblg\u00bb]\n<p class=\"p1\">Ayudamos a las marcas a integrarse en el ecosistema deportivo, desde la creaci\u00f3n de su estrategia de marketing deportivo hasta la ejecuci\u00f3n final.<\/p>\n<p class=\"p2\">Nuestro enfoque \u00fanico, basado en la construcci\u00f3n de alianzas reales a trav\u00e9s de visibilidad medi\u00e1tica, experiencias de primer nivel y oportunidades de negocio excepcionales, <span class=\"s1\">nos permite establecer relaciones a largo plazo con el objetivo de construir un legado con sentido.<\/span><\/p>\n[\/vc_column_text][\/vc_column][\/vc_row][vc_row full_width=\u00bbstretch_row\u00bb content_placement=\u00bbmiddle\u00bb column_spacing=\u00bb50&#8243; css=\u00bb.vc_custom_1753946683414{padding-top: 110px !important;padding-bottom: 60px !important;background-color: #EFF2F1 !important;}\u00bb wpex_bg_color=\u00bb#eff2f1&#8243;][vc_column][vc_column_text italic=\u00bbtrue\u00bb css=\u00bb\u00bb el_class=\u00bbllista_services\u00bb text_transform=\u00bbuppercase\u00bb font_family=\u00bbMontserrat\u00bb]\n<ul>\n<li class=\"p1\">An\u00e1lisis del sector<\/li>\n<li class=\"p1\">Benchmarks y mejores pr\u00e1cticas<\/li>\n<li class=\"p1\">Estrategia de marketing deportivo<\/li>\n<li class=\"p1\">Negociaci\u00f3n de patrocinios y asesoramiento estrat\u00e9gico<\/li>\n<li class=\"p1\">Definici\u00f3n de prop\u00f3sito, concepto creativo y storytelling<\/li>\n<li class=\"p1\">Plan de activaci\u00f3n<\/li>\n<li class=\"p1\">Planificaci\u00f3n y ejecuci\u00f3n de eventos<\/li>\n<li class=\"p1\">Contenido de marca (Branded Content)<\/li>\n<li class=\"p1\">Planificaci\u00f3n y creaci\u00f3n de contenidos<\/li>\n<li class=\"p1\">Gesti\u00f3n de hospitality<\/li>\n<li class=\"p1\">Campa\u00f1as digitales y en redes sociales<\/li>\n<li class=\"p1\">An\u00e1lisis de ROMI (Retorno de la Inversi\u00f3n en Marketing)<\/li>\n<\/ul>\n[\/vc_column_text][\/vc_column][\/vc_row][vc_row full_width=\u00bbstretch_row\u00bb content_placement=\u00bbmiddle\u00bb column_spacing=\u00bb50&#8243; css=\u00bb.vc_custom_1753946691288{padding-top: 110px !important;padding-bottom: 60px !important;background-color: #FFFFFF !important;}\u00bb][vc_column]<style>.vcex-heading.vcex_69dc0d3b38cfe{color:#000000;font-size:35px;font-family:Denton, serif;line-height:1.1;letter-spacing:1px;}<\/style><h4 class=\"vcex-heading vcex-heading-plain vcex-module wpex-heading wpex-text-2xl wpex-mb-40 we_know_line blue vcex_69dc0d3b38cfe\"><span class=\"vcex-heading-inner wpex-inline-block\">Casos similares<\/span><\/h4>[\/vc_column][\/vc_row][vc_row full_width=\u00bbstretch_row\u00bb content_placement=\u00bbmiddle\u00bb column_spacing=\u00bb50&#8243; css=\u00bb.vc_custom_1754036886923{padding-bottom: 60px !important;}\u00bb][vc_column]<style>.vcex-heading.vcex_69dc0d3b3a604{color:#e72e46;font-size:35px;font-family:Denton, serif;line-height:1.1;letter-spacing:1px;}<\/style><h4 class=\"vcex-heading vcex-heading-plain vcex-module wpex-heading wpex-text-2xl wpex-mb-40 vcex_69dc0d3b3a604\"><span class=\"vcex-heading-inner wpex-inline-block\">Servicios adicionales<\/span><\/h4>[vc_row_inner][vc_column_inner width=\u00bb1\/3&#8243;]<style>.vcex-heading.vcex_69dc0d3b3a9e7{width:400px;color:#000000;font-size:var(--wpex-text-3xl);text-transform:uppercase;}.vcex-heading.vcex_69dc0d3b3a9e7 .vcex-heading-inner:hover{color:#e72e46;}<\/style><h3 class=\"vcex-heading vcex-heading-plain vcex-module wpex-heading wpex-text-2xl wpex-max-w-100 vcex_69dc0d3b3a9e7\"><a href=\"https:\/\/spodeal.com\/es\/servicios\/soluciones-gestion-derechos-deportivos\/\" class=\"wpex-no-underline wpex-inherit-color-important\" target=\"_self\"><span class=\"vcex-heading-inner wpex-inline-block\">Soluciones para la gesti\u00f3n de derechos deportivos<\/span><\/a><\/h3>[\/vc_column_inner][vc_column_inner width=\u00bb1\/3&#8243;]<style>.vcex-heading.vcex_69dc0d3b3b92d{width:320px;color:#000000;font-size:var(--wpex-text-3xl);text-transform:uppercase;}.vcex-heading.vcex_69dc0d3b3b92d .vcex-heading-inner:hover{color:#e72e46;}<\/style><h3 class=\"vcex-heading vcex-heading-plain vcex-module wpex-heading wpex-text-2xl wpex-max-w-100 vcex_69dc0d3b3b92d\"><a href=\"https:\/\/spodeal.com\/es\/servicios\/marketing-deportivo-marcas\/\" class=\"wpex-no-underline wpex-inherit-color-important\" target=\"_self\"><span class=\"vcex-heading-inner wpex-inline-block\">Marketing deportivo para marcas<\/span><\/a><\/h3>[\/vc_column_inner][vc_column_inner width=\u00bb1\/3&#8243;]<style>.vcex-heading.vcex_69dc0d3b3c6f3{width:300px;color:#000000;font-size:var(--wpex-text-3xl);text-transform:uppercase;}.vcex-heading.vcex_69dc0d3b3c6f3 .vcex-heading-inner:hover{color:#fd273f;}<\/style><h3 class=\"vcex-heading vcex-heading-plain vcex-module wpex-heading wpex-text-2xl wpex-max-w-100 vcex_69dc0d3b3c6f3\"><a href=\"https:\/\/spodeal.com\/es\/servicios\/asesoramiento-inversion-deporte\/\" class=\"wpex-no-underline wpex-inherit-color-important\" target=\"_self\"><span class=\"vcex-heading-inner wpex-inline-block\">Asesoramiento e inversi\u00f3n en deporte<\/span><\/a><\/h3>[\/vc_column_inner][\/vc_row_inner][\/vc_column][\/vc_row][vc_row full_width=\u00bbstretch_row\u00bb content_placement=\u00bbmiddle\u00bb column_spacing=\u00bb50&#8243; remove_bottom_col_margin=\u00bbtrue\u00bb css=\u00bb.vc_custom_1754037014290{padding-top: 120px !important;padding-bottom: 120px !important;background-color: #E72E46 !important;}\u00bb][vc_column][vc_row_inner column_spacing=\u00bb50&#8243; remove_bottom_col_margin=\u00bbtrue\u00bb][vc_column_inner width=\u00bb3\/5&#8243;]<style>.vcex-heading.vcex_69dc0d3b3d493{width:700px;color:#ffffff;font-size:clamp(30px,9vw,70px);font-family:Montserrat, sans-serif;text-transform:uppercase;line-height:0.8;}<\/style><div class=\"vcex-heading vcex-heading-plain vcex-module wpex-heading wpex-text-2xl wpex-mb-30 wpex-text-left wpex-max-w-100  wpb_animate_when_almost_visible wpb_bottom-to-top bottom-to-top vcex_69dc0d3b3d493\"><span class=\"vcex-heading-inner wpex-inline-block\">\u00bfTE INTERESA <br>SABER <br>M\u00c1S?<\/span><\/div>[\/vc_column_inner][vc_column_inner width=\u00bb2\/5&#8243;]\n<div class=\"wpcf7 no-js\" id=\"wpcf7-f2484-o1\" lang=\"es-ES\" dir=\"ltr\" data-wpcf7-id=\"2484\">\n<div class=\"screen-reader-response\"><p role=\"status\" aria-live=\"polite\" aria-atomic=\"true\"><\/p> <ul><\/ul><\/div>\n<form action=\"\/es\/wp-json\/wp\/v2\/pages\/2480#wpcf7-f2484-o1\" method=\"post\" class=\"wpcf7-form init\" aria-label=\"Formulario de contacto\" novalidate=\"novalidate\" data-status=\"init\">\n<fieldset class=\"hidden-fields-container\"><input type=\"hidden\" name=\"_wpcf7\" value=\"2484\" \/><input type=\"hidden\" name=\"_wpcf7_version\" value=\"6.1\" \/><input type=\"hidden\" name=\"_wpcf7_locale\" value=\"es_ES\" \/><input type=\"hidden\" name=\"_wpcf7_unit_tag\" value=\"wpcf7-f2484-o1\" \/><input type=\"hidden\" name=\"_wpcf7_container_post\" value=\"0\" \/><input type=\"hidden\" name=\"_wpcf7_posted_data_hash\" value=\"\" \/>\n<\/fieldset>\n<div class=\"cf7-two-column\">\n\t<div class=\"cf7-left-column\">\n\t\t<p><span class=\"wpcf7-form-control-wrap\" data-name=\"your-name\"><input size=\"40\" maxlength=\"400\" class=\"wpcf7-form-control wpcf7-text wpcf7-validates-as-required\" autocomplete=\"name\" aria-required=\"true\" aria-invalid=\"false\" placeholder=\"Name *\" value=\"\" type=\"text\" name=\"your-name\" \/><\/span><br \/>\n<span class=\"wpcf7-form-control-wrap\" data-name=\"your-email\"><input size=\"40\" maxlength=\"400\" class=\"wpcf7-form-control wpcf7-email wpcf7-validates-as-required wpcf7-text wpcf7-validates-as-email\" autocomplete=\"email\" aria-required=\"true\" aria-invalid=\"false\" placeholder=\"Email *\" value=\"\" type=\"email\" name=\"your-email\" \/><\/span><br \/>\n<span class=\"wpcf7-form-control-wrap\" data-name=\"your-subject\"><input size=\"40\" maxlength=\"400\" class=\"wpcf7-form-control wpcf7-text wpcf7-validates-as-required\" aria-required=\"true\" aria-invalid=\"false\" placeholder=\"Subject *\" value=\"\" type=\"text\" name=\"your-subject\" \/><\/span>\n\t\t<\/p>\n\t<\/div>\n\t<div class=\"cf7-right-column\">\n\t\t<p><span class=\"wpcf7-form-control-wrap\" data-name=\"your-message\"><textarea cols=\"40\" rows=\"10\" maxlength=\"2000\" class=\"wpcf7-form-control wpcf7-textarea\" aria-invalid=\"false\" placeholder=\"Write your message here. We promise to answer.\" name=\"your-message\"><\/textarea><\/span>\n\t\t<\/p>\n\t\t<p class=\"captcha\">Write <strong>Spodeal<\/strong> in the field. <span class=\"wpcf7-form-control-wrap\" data-name=\"captcha\"><input size=\"40\" maxlength=\"400\" class=\"wpcf7-form-control wpcf7-text wpcf7-validates-as-required\" aria-required=\"true\" aria-invalid=\"false\" value=\"\" type=\"text\" name=\"captcha\" \/><\/span>\n\t\t<\/p>\n\t\t<p><span class=\"wpcf7-form-control-wrap\" data-name=\"acceptance-674\"><span class=\"wpcf7-form-control wpcf7-acceptance\"><span class=\"wpcf7-list-item\"><label><input type=\"checkbox\" name=\"acceptance-674\" value=\"1\" aria-invalid=\"false\" \/><span class=\"wpcf7-list-item-label\">He le\u00eddo y aceptola <a href=\"https:\/\/spodeal.com\/es\/politica-de-privacidad\/\">Pol\u00edtica de Privacidad<\/a><\/span><\/label><\/span><\/span><\/span>\n\t\t<\/p>\n\t\t<style>\n input.wpcf7-submit.custom-button {\n border: 2px solid #fff;\n padding: 4px 15px; \/* padding horizontal razonable *\/\n display: inline-block;\n margin-top: 15px;\n cursor: pointer;\n user-select: none;\n font-weight: bold; \/* SEND siempre en negrita *\/\n color: #FFFFFF; \/* para que el texto tome el color normal inicialmente *\/\n text-align: left; \/* texto justificado a la izquierda *\/\n width: 200; \/* ancho fijo, puedes ajustar *\/\n background-color: transparent; \/* fondo inicial *\/\n transition: background-color 0.3s, color 0.3s; \/* transici\u00f3n suave *\/\n border-radius:0px !important;\n }\n\n input.wpcf7-submit.custom-button:hover {\n background-color: #fff; \/* fondo blanco al pasar el cursor *\/\n color: #E72E46; \/* color del texto al pasar el cursor *\/\n }\n\t\t<\/style>\n\t\t<p><input class=\"wpcf7-form-control wpcf7-submit has-spinner custom-button\" type=\"submit\" value=\"ENVIAR\" \/>\n\t\t<\/p>\n\t<\/div>\n<\/div><div class=\"wpcf7-response-output\" aria-hidden=\"true\"><\/div>\n<\/form>\n<\/div>\n[\/vc_column_inner][\/vc_row_inner][\/vc_column][\/vc_row]\n<\/div>","protected":false},"excerpt":{"rendered":"<p>[vc_row content_placement=\u00bbtop\u00bb column_spacing=\u00bb50&#8243; css=\u00bb.vc_custom_1748898289638{margin-bottom: 40px !important;}\u00bb][vc_column][vc_column_text align=\u00bbnone\u00bb css=\u00bb.vc_custom_1760352842434{margin-top: 60px !important;}\u00bb font_weight=\u00bb600&#8243; width=\u00bb1015&#8243; font_size=\u00bblg\u00bb] Ayudamos a las marcas a integrarse en el ecosistema deportivo, desde la creaci\u00f3n de su estrategia de marketing deportivo hasta la ejecuci\u00f3n final. Nuestro enfoque \u00fanico, basado en la construcci\u00f3n de alianzas reales a trav\u00e9s de visibilidad medi\u00e1tica, experiencias de primer nivel&hellip;<\/p>\n","protected":false},"author":1,"featured_media":0,"parent":2476,"menu_order":5,"comment_status":"closed","ping_status":"closed","template":"","meta":{"_acf_changed":false,"footnotes":""},"class_list":["post-2480","page","type-page","status-publish","hentry","entry","no-media"],"acf":[],"yoast_head":"<!-- This site is optimized with the Yoast SEO plugin v25.6 - https:\/\/yoast.com\/wordpress\/plugins\/seo\/ -->\n<title>Embajadores deportivos para marcas | Spodeal<\/title>\n<meta name=\"description\" content=\"Spodeal conecta a marcas con embajadores deportivos para potenciar su visibilidad e impacto mediante colaboraciones aut\u00e9nticas y estrat\u00e9gicas.\" \/>\n<meta name=\"robots\" content=\"index, follow, max-snippet:-1, max-image-preview:large, max-video-preview:-1\" \/>\n<link rel=\"canonical\" href=\"https:\/\/spodeal.com\/es\/servicios\/embajadores-deportivos-para-marcas\/\" \/>\n<meta property=\"og:locale\" content=\"es_ES\" \/>\n<meta property=\"og:type\" content=\"article\" \/>\n<meta property=\"og:title\" content=\"Embajadores deportivos para marcas | Spodeal\" \/>\n<meta property=\"og:description\" content=\"Spodeal conecta a marcas con embajadores deportivos para potenciar su visibilidad e impacto mediante colaboraciones aut\u00e9nticas y estrat\u00e9gicas.\" \/>\n<meta property=\"og:url\" content=\"https:\/\/spodeal.com\/es\/servicios\/embajadores-deportivos-para-marcas\/\" \/>\n<meta property=\"og:site_name\" content=\"Spodeal\" \/>\n<meta property=\"article:modified_time\" content=\"2025-10-23T10:15:18+00:00\" \/>\n<meta property=\"og:image\" content=\"https:\/\/spodeal.com\/wp-content\/uploads\/2026\/02\/logo-spodeal.jpg\" \/>\n\t<meta property=\"og:image:width\" content=\"1200\" \/>\n\t<meta property=\"og:image:height\" content=\"675\" \/>\n\t<meta property=\"og:image:type\" content=\"image\/jpeg\" \/>\n<meta name=\"twitter:card\" content=\"summary_large_image\" \/>\n<meta name=\"twitter:label1\" content=\"Tiempo de lectura\" \/>\n\t<meta name=\"twitter:data1\" content=\"2 minutos\" \/>\n<script type=\"application\/ld+json\" class=\"yoast-schema-graph\">{\"@context\":\"https:\/\/schema.org\",\"@graph\":[{\"@type\":\"WebPage\",\"@id\":\"https:\/\/spodeal.com\/es\/servicios\/embajadores-deportivos-para-marcas\/\",\"url\":\"https:\/\/spodeal.com\/es\/servicios\/embajadores-deportivos-para-marcas\/\",\"name\":\"Embajadores deportivos para marcas | Spodeal\",\"isPartOf\":{\"@id\":\"https:\/\/spodeal.com\/es\/#website\"},\"datePublished\":\"2025-06-03T17:27:28+00:00\",\"dateModified\":\"2025-10-23T10:15:18+00:00\",\"description\":\"Spodeal conecta a marcas con embajadores deportivos para potenciar su visibilidad e impacto mediante colaboraciones aut\u00e9nticas y estrat\u00e9gicas.\",\"breadcrumb\":{\"@id\":\"https:\/\/spodeal.com\/es\/servicios\/embajadores-deportivos-para-marcas\/#breadcrumb\"},\"inLanguage\":\"es\",\"potentialAction\":[{\"@type\":\"ReadAction\",\"target\":[\"https:\/\/spodeal.com\/es\/servicios\/embajadores-deportivos-para-marcas\/\"]}]},{\"@type\":\"BreadcrumbList\",\"@id\":\"https:\/\/spodeal.com\/es\/servicios\/embajadores-deportivos-para-marcas\/#breadcrumb\",\"itemListElement\":[{\"@type\":\"ListItem\",\"position\":1,\"name\":\"Portada\",\"item\":\"https:\/\/spodeal.com\/es\/\"},{\"@type\":\"ListItem\",\"position\":2,\"name\":\"Servicios\",\"item\":\"https:\/\/spodeal.com\/es\/servicios\/\"},{\"@type\":\"ListItem\",\"position\":3,\"name\":\"Embajadores deportivos para marcas\"}]},{\"@type\":\"WebSite\",\"@id\":\"https:\/\/spodeal.com\/es\/#website\",\"url\":\"https:\/\/spodeal.com\/es\/\",\"name\":\"Spodeal\",\"description\":\"\",\"publisher\":{\"@id\":\"https:\/\/spodeal.com\/es\/#organization\"},\"potentialAction\":[{\"@type\":\"SearchAction\",\"target\":{\"@type\":\"EntryPoint\",\"urlTemplate\":\"https:\/\/spodeal.com\/es\/?s={search_term_string}\"},\"query-input\":{\"@type\":\"PropertyValueSpecification\",\"valueRequired\":true,\"valueName\":\"search_term_string\"}}],\"inLanguage\":\"es\"},{\"@type\":\"Organization\",\"@id\":\"https:\/\/spodeal.com\/es\/#organization\",\"name\":\"Spodeal\",\"url\":\"https:\/\/spodeal.com\/es\/\",\"logo\":{\"@type\":\"ImageObject\",\"inLanguage\":\"es\",\"@id\":\"https:\/\/spodeal.com\/es\/#\/schema\/logo\/image\/\",\"url\":\"https:\/\/spodeal.com\/wp-content\/uploads\/2025\/05\/logo.svg\",\"contentUrl\":\"https:\/\/spodeal.com\/wp-content\/uploads\/2025\/05\/logo.svg\",\"caption\":\"Spodeal\"},\"image\":{\"@id\":\"https:\/\/spodeal.com\/es\/#\/schema\/logo\/image\/\"},\"sameAs\":[\"https:\/\/www.linkedin.com\/company\/spodealgroup\/\",\"https:\/\/www.instagram.com\/spodealgroup\",\"https:\/\/www.youtube.com\/@spodealgroup\"]}]}<\/script>\n<!-- \/ Yoast SEO plugin. -->","yoast_head_json":{"title":"Embajadores deportivos para marcas | Spodeal","description":"Spodeal conecta a marcas con embajadores deportivos para potenciar su visibilidad e impacto mediante colaboraciones aut\u00e9nticas y estrat\u00e9gicas.","robots":{"index":"index","follow":"follow","max-snippet":"max-snippet:-1","max-image-preview":"max-image-preview:large","max-video-preview":"max-video-preview:-1"},"canonical":"https:\/\/spodeal.com\/es\/servicios\/embajadores-deportivos-para-marcas\/","og_locale":"es_ES","og_type":"article","og_title":"Embajadores deportivos para marcas | Spodeal","og_description":"Spodeal conecta a marcas con embajadores deportivos para potenciar su visibilidad e impacto mediante colaboraciones aut\u00e9nticas y estrat\u00e9gicas.","og_url":"https:\/\/spodeal.com\/es\/servicios\/embajadores-deportivos-para-marcas\/","og_site_name":"Spodeal","article_modified_time":"2025-10-23T10:15:18+00:00","og_image":[{"width":1200,"height":675,"url":"https:\/\/spodeal.com\/wp-content\/uploads\/2026\/02\/logo-spodeal.jpg","type":"image\/jpeg"}],"twitter_card":"summary_large_image","twitter_misc":{"Tiempo de lectura":"2 minutos"},"schema":{"@context":"https:\/\/schema.org","@graph":[{"@type":"WebPage","@id":"https:\/\/spodeal.com\/es\/servicios\/embajadores-deportivos-para-marcas\/","url":"https:\/\/spodeal.com\/es\/servicios\/embajadores-deportivos-para-marcas\/","name":"Embajadores deportivos para marcas | Spodeal","isPartOf":{"@id":"https:\/\/spodeal.com\/es\/#website"},"datePublished":"2025-06-03T17:27:28+00:00","dateModified":"2025-10-23T10:15:18+00:00","description":"Spodeal conecta a marcas con embajadores deportivos para potenciar su visibilidad e impacto mediante colaboraciones aut\u00e9nticas y estrat\u00e9gicas.","breadcrumb":{"@id":"https:\/\/spodeal.com\/es\/servicios\/embajadores-deportivos-para-marcas\/#breadcrumb"},"inLanguage":"es","potentialAction":[{"@type":"ReadAction","target":["https:\/\/spodeal.com\/es\/servicios\/embajadores-deportivos-para-marcas\/"]}]},{"@type":"BreadcrumbList","@id":"https:\/\/spodeal.com\/es\/servicios\/embajadores-deportivos-para-marcas\/#breadcrumb","itemListElement":[{"@type":"ListItem","position":1,"name":"Portada","item":"https:\/\/spodeal.com\/es\/"},{"@type":"ListItem","position":2,"name":"Servicios","item":"https:\/\/spodeal.com\/es\/servicios\/"},{"@type":"ListItem","position":3,"name":"Embajadores deportivos para marcas"}]},{"@type":"WebSite","@id":"https:\/\/spodeal.com\/es\/#website","url":"https:\/\/spodeal.com\/es\/","name":"Spodeal","description":"","publisher":{"@id":"https:\/\/spodeal.com\/es\/#organization"},"potentialAction":[{"@type":"SearchAction","target":{"@type":"EntryPoint","urlTemplate":"https:\/\/spodeal.com\/es\/?s={search_term_string}"},"query-input":{"@type":"PropertyValueSpecification","valueRequired":true,"valueName":"search_term_string"}}],"inLanguage":"es"},{"@type":"Organization","@id":"https:\/\/spodeal.com\/es\/#organization","name":"Spodeal","url":"https:\/\/spodeal.com\/es\/","logo":{"@type":"ImageObject","inLanguage":"es","@id":"https:\/\/spodeal.com\/es\/#\/schema\/logo\/image\/","url":"https:\/\/spodeal.com\/wp-content\/uploads\/2025\/05\/logo.svg","contentUrl":"https:\/\/spodeal.com\/wp-content\/uploads\/2025\/05\/logo.svg","caption":"Spodeal"},"image":{"@id":"https:\/\/spodeal.com\/es\/#\/schema\/logo\/image\/"},"sameAs":["https:\/\/www.linkedin.com\/company\/spodealgroup\/","https:\/\/www.instagram.com\/spodealgroup","https:\/\/www.youtube.com\/@spodealgroup"]}]}},"_links":{"self":[{"href":"https:\/\/spodeal.com\/es\/wp-json\/wp\/v2\/pages\/2480","targetHints":{"allow":["GET"]}}],"collection":[{"href":"https:\/\/spodeal.com\/es\/wp-json\/wp\/v2\/pages"}],"about":[{"href":"https:\/\/spodeal.com\/es\/wp-json\/wp\/v2\/types\/page"}],"author":[{"embeddable":true,"href":"https:\/\/spodeal.com\/es\/wp-json\/wp\/v2\/users\/1"}],"replies":[{"embeddable":true,"href":"https:\/\/spodeal.com\/es\/wp-json\/wp\/v2\/comments?post=2480"}],"version-history":[{"count":6,"href":"https:\/\/spodeal.com\/es\/wp-json\/wp\/v2\/pages\/2480\/revisions"}],"predecessor-version":[{"id":3220,"href":"https:\/\/spodeal.com\/es\/wp-json\/wp\/v2\/pages\/2480\/revisions\/3220"}],"up":[{"embeddable":true,"href":"https:\/\/spodeal.com\/es\/wp-json\/wp\/v2\/pages\/2476"}],"wp:attachment":[{"href":"https:\/\/spodeal.com\/es\/wp-json\/wp\/v2\/media?parent=2480"}],"curies":[{"name":"wp","href":"https:\/\/api.w.org\/{rel}","templated":true}]}}