{"id":2483,"date":"2025-05-19T19:00:16","date_gmt":"2025-05-19T17:00:16","guid":{"rendered":"https:\/\/spodeal.com\/privacy-policy\/"},"modified":"2025-10-13T15:51:58","modified_gmt":"2025-10-13T13:51:58","slug":"politica-de-privacidad","status":"publish","type":"page","link":"https:\/\/spodeal.com\/es\/politica-de-privacidad\/","title":{"rendered":"Pol\u00edtica de privacidad"},"content":{"rendered":"<div class=\"wpb-content-wrapper\">[vc_row content_placement=\u00bbtop\u00bb column_spacing=\u00bb50&#8243;][vc_column]<style>.vcex-heading.vcex_69dc0d2a6395e{color:#fd273f;font-size:clamp(30px,7vw,60px);text-transform:uppercase;line-height:0.8;}<\/style><div class=\"vcex-heading vcex-heading-plain vcex-module wpex-heading wpex-text-2xl wpex-mb-0 wpex-text-left  wpb_animate_when_almost_visible wpb_bottom-to-top bottom-to-top vcex_69dc0d2a6395e\"><span class=\"vcex-heading-inner wpex-inline-block\">Privacidad<\/span><\/div><style>.vcex-heading.vcex_69dc0d2a63da3{color:#000000;font-size:clamp(30px,8vw,60px);font-family:Denton, serif;line-height:0.8;}<\/style><h1 class=\"vcex-heading vcex-heading-plain vcex-module wpex-heading wpex-text-2xl wpex-text-left  wpb_animate_when_almost_visible wpb_bottom-to-top bottom-to-top vc_custom_1760362654580 vcex_69dc0d2a63da3\"><span class=\"vcex-heading-inner wpex-inline-block\">Pol\u00edtica<\/span><\/h1>[vc_column_text css=\u00bb.vc_custom_1760362725077{margin-top: 50px !important;}\u00bb]\n<h3 class=\"p1\"><b>1. INFORMACI\u00d3N AL USUARIO<\/b><b><\/b><\/h3>\n<p class=\"p3\">Spodeal Marketing S.L., como Responsable del Tratamiento, le informa que, de conformidad con lo dispuesto en el <span class=\"s1\">Reglamento (UE) 2016\/679, de 27 de abril (RGPD)<\/span> y en la <span class=\"s1\">Ley Org\u00e1nica 3\/2018, de 5 de diciembre, de Protecci\u00f3n de Datos Personales y garant\u00eda de los derechos digitales (LOPDGDD)<\/span>, trataremos sus datos conforme a lo reflejado en la presente Pol\u00edtica de Privacidad.<\/p>\n<p class=\"p1\"><span class=\"s2\">En esta Pol\u00edtica de Privacidad se explica <\/span>c\u00f3mo recopilamos sus datos personales, por qu\u00e9 los recopilamos, qu\u00e9 hacemos con ellos, con qui\u00e9n los compartimos, c\u00f3mo los protegemos y cu\u00e1les son sus opciones en relaci\u00f3n con el tratamiento de los mismos.<\/p>\n<p class=\"p3\">Esta Pol\u00edtica se aplica al tratamiento de sus datos personales recopilados por la empresa para la <span class=\"s1\">prestaci\u00f3n de sus servicios<\/span>. Si usted acepta las medidas establecidas en esta Pol\u00edtica, <span class=\"s1\">acepta el tratamiento de sus datos personales seg\u00fan lo definido en la misma.<\/span><\/p>\n[\/vc_column_text][vc_column_text css=\u00bb.vc_custom_1760363080949{margin-top: 50px !important;}\u00bb]\n<h3><strong>2. CONTACTO<\/strong><\/h3>\n<p style=\"text-align: left;\"><span class=\"s1\">Raz\u00f3n social:<\/span> Spodeal Marketing S.L. <br> Nombre comercial:<span class=\"s2\"> SPODEAL <br><\/span><span class=\"s1\">CIF:<\/span> B66972274 <br><span class=\"s1\">Domicilio social:<\/span> C\/ Ausi\u00e0s March, 37, 08010, Barcelona, Espa\u00f1a <br><span class=\"s1\">Correo electr\u00f3nico:<\/span> spodeal@spodeal.com<\/p>\n[\/vc_column_text][vc_column_text css=\u00bb.vc_custom_1760363222451{margin-top: 50px !important;}\u00bb]\n<h3 class=\"p1\"><b>3. PRINCIPIOS CLAVE<\/b><b><\/b><\/h3>\n<p class=\"p3\">En Spodeal siempre hemos estado comprometidos con ofrecer nuestros servicios con el m\u00e1s alto nivel de calidad, lo que incluye tratar sus datos con seguridad y transparencia. Nuestros principios son los siguientes:<\/p>\n<p class=\"p1\"><span class=\"s1\">Licitud:<\/span> Solo recopilaremos sus datos personales para fines espec\u00edficos, expl\u00edcitos y leg\u00edtimos.<\/p>\n<p class=\"p1\"><span class=\"s1\">Minimizaci\u00f3n de datos:<\/span> Limitamos la recogida de datos personales a lo estrictamente necesario y relevante para los fines para los que fueron recopilados.<\/p>\n<p class=\"p1\"><span class=\"s1\">Limitaci\u00f3n de la finalidad:<\/span> Solo trataremos sus datos personales para los fines declarados y conforme a sus deseos.<\/p>\n<p class=\"p1\"><span class=\"s1\">Exactitud:<\/span> Mantendremos su informaci\u00f3n personal exacta y actualizada.<\/p>\n<p class=\"p1\"><span class=\"s1\">Seguridad de los datos:<\/span> Implementamos medidas t\u00e9cnicas y organizativas apropiadas, en funci\u00f3n del riesgo, para garantizar que sus datos no sufran da\u00f1os como divulgaci\u00f3n o acceso no autorizados, destrucci\u00f3n o p\u00e9rdida accidental o il\u00edcita, alteraci\u00f3n no autorizada y cualquier otra forma de tratamiento il\u00edcito.<\/p>\n<p class=\"p1\"><span class=\"s1\">Acceso y rectificaci\u00f3n:<\/span> Disponemos de medios para que pueda acceder a sus datos o rectificarlos cuando lo considere oportuno.<\/p>\n<p class=\"p1\"><span class=\"s1\">Conservaci\u00f3n:<\/span> Conservamos sus datos personales de forma l\u00edcita y adecuada, y solo durante el tiempo necesario para los fines para los que fueron recopilados.<\/p>\n<p class=\"p1\"><span class=\"s1\">Transferencias internacionales:<\/span> En caso de que sus datos sean transferidos fuera de la UE\/EEE, estar\u00e1n debidamente protegidos.<\/p>\n<p class=\"p1\"><span class=\"s1\">Terceros:<\/span> El acceso y la transferencia de datos personales a terceros se realiza conforme a la normativa aplicable y con las garant\u00edas contractuales adecuadas.<\/p>\n<p class=\"p1\"><span class=\"s1\">Marketing directo y cookies:<\/span> Cumplimos con la legislaci\u00f3n aplicable en materia de publicidad y uso de cookies.<\/p>\n[\/vc_column_text][vc_column_text css=\u00bb.vc_custom_1760363277230{margin-top: 50px !important;}\u00bb]\n<h3 class=\"p1\"><b>4. RECOGIDA Y TRATAMIENTO DE SUS DATOS PERSONALES<\/b><b><\/b><\/h3>\n<p class=\"p3\">Los tipos de datos que pueden ser solicitados y tratados son:<\/p>\n<ul>\n<li>\n<p class=\"p1\">Datos identificativos<\/p>\n<\/li>\n<\/ul>\n<p class=\"p3\">Asimismo, recopilamos autom\u00e1ticamente datos sobre su visita a nuestro sitio web, tal y como se describe en nuestra <i>Pol\u00edtica de Cookies<\/i>.<\/p>\n<p class=\"p3\">Siempre que solicitemos sus datos personales, <span class=\"s2\">le informaremos de forma clara<\/span> sobre qu\u00e9 datos recopilamos y con qu\u00e9 finalidad.<\/p>\n<p class=\"p3\">En general, recopilamos y tratamos sus datos personales con el fin de:<\/p>\n<ul>\n<li>\n<p class=\"p1\">Proporcionar informaci\u00f3n, servicios, productos, noticias y contenido relevante en el sector.<\/p>\n<\/li>\n<li>\n<p class=\"p1\">Enviar comunicaciones.<\/p>\n<\/li>\n<\/ul>\n[\/vc_column_text][vc_column_text css=\u00bb.vc_custom_1760363371259{margin-top: 50px !important;}\u00bb]\n<h3 class=\"p1\"><b>5. LEGITIMIDAD<\/b><b><\/b><\/h3>\n<p class=\"p3\">De acuerdo con la normativa aplicable en materia de protecci\u00f3n de datos, el tratamiento de sus datos personales se fundamenta en:<\/p>\n<ul>\n<li>\n<p class=\"p1\"><span class=\"s1\">Su consentimiento<\/span>, otorgado para los fines del tratamiento. Podr\u00e1 retirar su consentimiento en cualquier momento.<\/p>\n<\/li>\n<li>\n<p class=\"p1\">Una obligaci\u00f3n legal<span class=\"s1\">.<\/span><\/p>\n<\/li>\n<li>\n<p class=\"p1\"><span class=\"s1\">Un inter\u00e9s leg\u00edtimo<\/span> que no menoscabe sus derechos de privacidad, como puede ser el env\u00edo de informaci\u00f3n comercial cuando se haya suscrito a nuestra newsletter o por su condici\u00f3n de cliente.<\/p>\n<\/li>\n<li>\n<p class=\"p1\">La necesidad del tratamiento para la prestaci\u00f3n de alguno de nuestros servicios<span class=\"s1\">, en el marco de una relaci\u00f3n contractual entre usted y nosotros.<\/span><\/p>\n<\/li>\n<\/ul>\n[\/vc_column_text][vc_column_text css=\u00bb.vc_custom_1760363407897{margin-top: 50px !important;}\u00bb]\n<h3 class=\"p1\"><b>6. COMUNICACI\u00d3N DE DATOS PERSONALES<\/b><b><\/b><\/h3>\n<p class=\"p3\">Los datos podr\u00e1n ser comunicados a empresas vinculadas a <span class=\"s1\">Spodeal Marketing S.L.<\/span> para la prestaci\u00f3n de diversos servicios, en calidad de <span class=\"s1\">Encargados del Tratamiento<\/span>.<\/p>\n<p class=\"p1\"><span class=\"s2\">La empresa <\/span>no realizar\u00e1 ninguna cesi\u00f3n de datos<span class=\"s2\">, salvo en caso de <\/span>obligaci\u00f3n legal<span class=\"s2\">.<\/span><\/p>\n[\/vc_column_text][vc_column_text css=\u00bb.vc_custom_1760363476416{margin-top: 50px !important;}\u00bb]\n<h3 class=\"p1\"><b>7. TUS DERECHOS<\/b><b><\/b><\/h3>\n<p class=\"p3\">En relaci\u00f3n con la recogida y tratamiento de tus datos personales, puedes dirigirte a nosotros en cualquier momento para:<\/p>\n<ul>\n<li>\n<p class=\"p1\">Acceder a tus datos personales y a cualquier otra informaci\u00f3n indicada en el art\u00edculo 15.1 del RGPD.<\/p>\n<\/li>\n<li>\n<p class=\"p1\">Rectificar tus datos personales que sean inexactos o est\u00e9n incompletos, conforme al art\u00edculo 16 del RGPD.<\/p>\n<\/li>\n<li>\n<p class=\"p1\">Suprimir tus datos personales, de acuerdo con el art\u00edculo 17 del RGPD.<\/p>\n<\/li>\n<li>\n<p class=\"p1\">Limitar el tratamiento de tus datos personales conforme al art\u00edculo 18 del RGPD.<\/p>\n<\/li>\n<li>\n<p class=\"p1\">Solicitar la portabilidad de tus datos, conforme al art\u00edculo 20 del RGPD.<\/p>\n<\/li>\n<li>\n<p class=\"p1\">Oponerte al tratamiento de tus datos personales, conforme al art\u00edculo 21 del RGPD.<\/p>\n<\/li>\n<\/ul>\n<p class=\"p3\">Si has otorgado tu consentimiento para una finalidad concreta, tienes derecho a <span class=\"s2\">retirar dicho consentimiento en cualquier momento<\/span>, sin que ello afecte a la licitud del tratamiento basado en el consentimiento previo a su retirada.<\/p>\n<p class=\"p3\">Podr\u00e1s ejercer estos derechos enviando una comunicaci\u00f3n razonada y acreditada a: <span class=\"s2\">spodeal@spodeal.com<\/span>.<\/p>\n<p class=\"p3\">Asimismo, tienes derecho a presentar una reclamaci\u00f3n ante la <span class=\"s2\">autoridad de control competente<\/span> (www.aepd.es) si consideras que el tratamiento no se ajusta a la normativa vigente.<\/p>\n[\/vc_column_text][vc_column_text css=\u00bb.vc_custom_1760363515205{margin-top: 50px !important;}\u00bb]\n<h3 class=\"p1\"><b>8. INFORMACI\u00d3N LEGAL<\/b><b><\/b><\/h3>\n<p class=\"p3\">Los requisitos establecidos en esta Pol\u00edtica complementan, y no sustituyen, a cualquier otro requisito existente en virtud de la legislaci\u00f3n aplicable en materia de protecci\u00f3n de datos, la cual prevalecer\u00e1 en todo caso.<\/p>\n<p class=\"p3\">Esta Pol\u00edtica est\u00e1 sujeta a revisiones peri\u00f3dicas y podr\u00e1 ser modificada por la Compa\u00f1\u00eda en cualquier momento. En tal caso, te notificaremos cualquier cambio y te solicitaremos que leas nuevamente la versi\u00f3n m\u00e1s reciente de nuestra Pol\u00edtica y confirmes tu aceptaci\u00f3n.<\/p>\n[\/vc_column_text][\/vc_column][\/vc_row]\n<\/div>","protected":false},"excerpt":{"rendered":"<p>[vc_row content_placement=\u00bbtop\u00bb column_spacing=\u00bb50&#8243;][vc_column][vc_column_text css=\u00bb.vc_custom_1760362725077{margin-top: 50px !important;}\u00bb] 1. INFORMACI\u00d3N AL USUARIO Spodeal Marketing S.L., como Responsable del Tratamiento, le informa que, de conformidad con lo dispuesto en el Reglamento (UE) 2016\/679, de 27 de abril (RGPD) y en la Ley Org\u00e1nica 3\/2018, de 5 de diciembre, de Protecci\u00f3n de Datos Personales y garant\u00eda de los derechos&hellip;<\/p>\n","protected":false},"author":1,"featured_media":0,"parent":0,"menu_order":10,"comment_status":"closed","ping_status":"open","template":"","meta":{"_acf_changed":false,"footnotes":""},"class_list":["post-2483","page","type-page","status-publish","hentry","entry","no-media"],"acf":[],"yoast_head":"<!-- This site is optimized with the Yoast SEO plugin v25.6 - https:\/\/yoast.com\/wordpress\/plugins\/seo\/ -->\n<title>Pol\u00edtica de privacidad - Spodeal<\/title>\n<meta name=\"robots\" content=\"index, follow, max-snippet:-1, max-image-preview:large, max-video-preview:-1\" \/>\n<link rel=\"canonical\" href=\"https:\/\/spodeal.com\/es\/politica-de-privacidad\/\" \/>\n<meta property=\"og:locale\" content=\"es_ES\" \/>\n<meta property=\"og:type\" content=\"article\" \/>\n<meta property=\"og:title\" content=\"Pol\u00edtica de privacidad - Spodeal\" \/>\n<meta property=\"og:description\" content=\"[vc_row content_placement=\u00bbtop\u00bb column_spacing=\u00bb50&#8243;][vc_column][vc_column_text css=\u00bb.vc_custom_1760362725077{margin-top: 50px !important;}\u00bb] 1. INFORMACI\u00d3N AL USUARIO Spodeal Marketing S.L., como Responsable del Tratamiento, le informa que, de conformidad con lo dispuesto en el Reglamento (UE) 2016\/679, de 27 de abril (RGPD) y en la Ley Org\u00e1nica 3\/2018, de 5 de diciembre, de Protecci\u00f3n de Datos Personales y garant\u00eda de los derechos&hellip;\" \/>\n<meta property=\"og:url\" content=\"https:\/\/spodeal.com\/es\/politica-de-privacidad\/\" \/>\n<meta property=\"og:site_name\" content=\"Spodeal\" \/>\n<meta property=\"article:modified_time\" content=\"2025-10-13T13:51:58+00:00\" \/>\n<meta property=\"og:image\" content=\"https:\/\/spodeal.com\/wp-content\/uploads\/2026\/02\/logo-spodeal.jpg\" \/>\n\t<meta property=\"og:image:width\" content=\"1200\" \/>\n\t<meta property=\"og:image:height\" content=\"675\" \/>\n\t<meta property=\"og:image:type\" content=\"image\/jpeg\" \/>\n<meta name=\"twitter:card\" content=\"summary_large_image\" \/>\n<meta name=\"twitter:label1\" content=\"Tiempo de lectura\" \/>\n\t<meta name=\"twitter:data1\" content=\"5 minutos\" \/>\n<script type=\"application\/ld+json\" class=\"yoast-schema-graph\">{\"@context\":\"https:\/\/schema.org\",\"@graph\":[{\"@type\":\"WebPage\",\"@id\":\"https:\/\/spodeal.com\/es\/politica-de-privacidad\/\",\"url\":\"https:\/\/spodeal.com\/es\/politica-de-privacidad\/\",\"name\":\"Pol\u00edtica de privacidad - Spodeal\",\"isPartOf\":{\"@id\":\"https:\/\/spodeal.com\/es\/#website\"},\"datePublished\":\"2025-05-19T17:00:16+00:00\",\"dateModified\":\"2025-10-13T13:51:58+00:00\",\"breadcrumb\":{\"@id\":\"https:\/\/spodeal.com\/es\/politica-de-privacidad\/#breadcrumb\"},\"inLanguage\":\"es\",\"potentialAction\":[{\"@type\":\"ReadAction\",\"target\":[\"https:\/\/spodeal.com\/es\/politica-de-privacidad\/\"]}]},{\"@type\":\"BreadcrumbList\",\"@id\":\"https:\/\/spodeal.com\/es\/politica-de-privacidad\/#breadcrumb\",\"itemListElement\":[{\"@type\":\"ListItem\",\"position\":1,\"name\":\"Portada\",\"item\":\"https:\/\/spodeal.com\/es\/\"},{\"@type\":\"ListItem\",\"position\":2,\"name\":\"Pol\u00edtica de privacidad\"}]},{\"@type\":\"WebSite\",\"@id\":\"https:\/\/spodeal.com\/es\/#website\",\"url\":\"https:\/\/spodeal.com\/es\/\",\"name\":\"Spodeal\",\"description\":\"\",\"publisher\":{\"@id\":\"https:\/\/spodeal.com\/es\/#organization\"},\"potentialAction\":[{\"@type\":\"SearchAction\",\"target\":{\"@type\":\"EntryPoint\",\"urlTemplate\":\"https:\/\/spodeal.com\/es\/?s={search_term_string}\"},\"query-input\":{\"@type\":\"PropertyValueSpecification\",\"valueRequired\":true,\"valueName\":\"search_term_string\"}}],\"inLanguage\":\"es\"},{\"@type\":\"Organization\",\"@id\":\"https:\/\/spodeal.com\/es\/#organization\",\"name\":\"Spodeal\",\"url\":\"https:\/\/spodeal.com\/es\/\",\"logo\":{\"@type\":\"ImageObject\",\"inLanguage\":\"es\",\"@id\":\"https:\/\/spodeal.com\/es\/#\/schema\/logo\/image\/\",\"url\":\"https:\/\/spodeal.com\/wp-content\/uploads\/2025\/05\/logo.svg\",\"contentUrl\":\"https:\/\/spodeal.com\/wp-content\/uploads\/2025\/05\/logo.svg\",\"caption\":\"Spodeal\"},\"image\":{\"@id\":\"https:\/\/spodeal.com\/es\/#\/schema\/logo\/image\/\"},\"sameAs\":[\"https:\/\/www.linkedin.com\/company\/spodealgroup\/\",\"https:\/\/www.instagram.com\/spodealgroup\",\"https:\/\/www.youtube.com\/@spodealgroup\"]}]}<\/script>\n<!-- \/ Yoast SEO plugin. -->","yoast_head_json":{"title":"Pol\u00edtica de privacidad - Spodeal","robots":{"index":"index","follow":"follow","max-snippet":"max-snippet:-1","max-image-preview":"max-image-preview:large","max-video-preview":"max-video-preview:-1"},"canonical":"https:\/\/spodeal.com\/es\/politica-de-privacidad\/","og_locale":"es_ES","og_type":"article","og_title":"Pol\u00edtica de privacidad - Spodeal","og_description":"[vc_row content_placement=\u00bbtop\u00bb column_spacing=\u00bb50&#8243;][vc_column][vc_column_text css=\u00bb.vc_custom_1760362725077{margin-top: 50px !important;}\u00bb] 1. INFORMACI\u00d3N AL USUARIO Spodeal Marketing S.L., como Responsable del Tratamiento, le informa que, de conformidad con lo dispuesto en el Reglamento (UE) 2016\/679, de 27 de abril (RGPD) y en la Ley Org\u00e1nica 3\/2018, de 5 de diciembre, de Protecci\u00f3n de Datos Personales y garant\u00eda de los derechos&hellip;","og_url":"https:\/\/spodeal.com\/es\/politica-de-privacidad\/","og_site_name":"Spodeal","article_modified_time":"2025-10-13T13:51:58+00:00","og_image":[{"width":1200,"height":675,"url":"https:\/\/spodeal.com\/wp-content\/uploads\/2026\/02\/logo-spodeal.jpg","type":"image\/jpeg"}],"twitter_card":"summary_large_image","twitter_misc":{"Tiempo de lectura":"5 minutos"},"schema":{"@context":"https:\/\/schema.org","@graph":[{"@type":"WebPage","@id":"https:\/\/spodeal.com\/es\/politica-de-privacidad\/","url":"https:\/\/spodeal.com\/es\/politica-de-privacidad\/","name":"Pol\u00edtica de privacidad - Spodeal","isPartOf":{"@id":"https:\/\/spodeal.com\/es\/#website"},"datePublished":"2025-05-19T17:00:16+00:00","dateModified":"2025-10-13T13:51:58+00:00","breadcrumb":{"@id":"https:\/\/spodeal.com\/es\/politica-de-privacidad\/#breadcrumb"},"inLanguage":"es","potentialAction":[{"@type":"ReadAction","target":["https:\/\/spodeal.com\/es\/politica-de-privacidad\/"]}]},{"@type":"BreadcrumbList","@id":"https:\/\/spodeal.com\/es\/politica-de-privacidad\/#breadcrumb","itemListElement":[{"@type":"ListItem","position":1,"name":"Portada","item":"https:\/\/spodeal.com\/es\/"},{"@type":"ListItem","position":2,"name":"Pol\u00edtica de privacidad"}]},{"@type":"WebSite","@id":"https:\/\/spodeal.com\/es\/#website","url":"https:\/\/spodeal.com\/es\/","name":"Spodeal","description":"","publisher":{"@id":"https:\/\/spodeal.com\/es\/#organization"},"potentialAction":[{"@type":"SearchAction","target":{"@type":"EntryPoint","urlTemplate":"https:\/\/spodeal.com\/es\/?s={search_term_string}"},"query-input":{"@type":"PropertyValueSpecification","valueRequired":true,"valueName":"search_term_string"}}],"inLanguage":"es"},{"@type":"Organization","@id":"https:\/\/spodeal.com\/es\/#organization","name":"Spodeal","url":"https:\/\/spodeal.com\/es\/","logo":{"@type":"ImageObject","inLanguage":"es","@id":"https:\/\/spodeal.com\/es\/#\/schema\/logo\/image\/","url":"https:\/\/spodeal.com\/wp-content\/uploads\/2025\/05\/logo.svg","contentUrl":"https:\/\/spodeal.com\/wp-content\/uploads\/2025\/05\/logo.svg","caption":"Spodeal"},"image":{"@id":"https:\/\/spodeal.com\/es\/#\/schema\/logo\/image\/"},"sameAs":["https:\/\/www.linkedin.com\/company\/spodealgroup\/","https:\/\/www.instagram.com\/spodealgroup","https:\/\/www.youtube.com\/@spodealgroup"]}]}},"_links":{"self":[{"href":"https:\/\/spodeal.com\/es\/wp-json\/wp\/v2\/pages\/2483","targetHints":{"allow":["GET"]}}],"collection":[{"href":"https:\/\/spodeal.com\/es\/wp-json\/wp\/v2\/pages"}],"about":[{"href":"https:\/\/spodeal.com\/es\/wp-json\/wp\/v2\/types\/page"}],"author":[{"embeddable":true,"href":"https:\/\/spodeal.com\/es\/wp-json\/wp\/v2\/users\/1"}],"replies":[{"embeddable":true,"href":"https:\/\/spodeal.com\/es\/wp-json\/wp\/v2\/comments?post=2483"}],"version-history":[{"count":6,"href":"https:\/\/spodeal.com\/es\/wp-json\/wp\/v2\/pages\/2483\/revisions"}],"predecessor-version":[{"id":2902,"href":"https:\/\/spodeal.com\/es\/wp-json\/wp\/v2\/pages\/2483\/revisions\/2902"}],"wp:attachment":[{"href":"https:\/\/spodeal.com\/es\/wp-json\/wp\/v2\/media?parent=2483"}],"curies":[{"name":"wp","href":"https:\/\/api.w.org\/{rel}","templated":true}]}}